{"id":12,"date":"2015-04-20T19:34:12","date_gmt":"2015-04-20T19:34:12","guid":{"rendered":"https:\/\/mondoconsult.ro\/cursuri\/?page_id=12"},"modified":"2025-04-01T13:11:57","modified_gmt":"2025-04-01T13:11:57","slug":"curs-online-formare-profesionala","status":"publish","type":"page","link":"https:\/\/mondoconsult.ro\/cursuri\/curs-online-formare-profesionala\/","title":{"rendered":"Cursuri formare profesional\u0103"},"content":{"rendered":"\n<!--more-->\n\n\n\n<p><strong>Curs de Imbuteliator Fluide Sub Presiune<\/strong><br> Descriere curs :program de formare profesionala autorizat de Ministerul Muncii si Solidaritatii Sociale prin Comisia de Autorizare Judeteana si ISCIR, respectand CR 8. La finalul cursului, absolventii vor da si examen ISCIR, in vederea obtinerii autorizatie de imbuteliator fluide sub presiune.\u00a0 Durata cursului este de 104 ore si pretul este de <strong>1.650 lei<\/strong><br> Curs de Specializare<\/p>\n\n\n\n<p><em><strong>Curs Inspector SSM<\/strong><\/em><\/p>\n\n\n\n<p>Firma SC MONDO CONSULT organizeaza curs de Inspector SSM. Cursul de Inspector SSM se deruleaza pe parcursul a 80 de ore. Cursul incepe pe data de <em><strong>08 aprilie<\/strong><\/em> <strong><em>2025<\/em><\/strong>. <em><strong>Pretul<\/strong><\/em> cursului este de <em><strong>800 de lei.<\/strong><\/em><br> Pentru mai multe detalii nu ezitati sa ne contactati la numarul de telefon: 0761118568 sau la adresa de email: mondoconsultbuzau@gmail.com<\/p>\n\n\n<div class=\"wp-block-image\">\n<figure class=\"aligncenter\"><a href=\"https:\/\/mondoconsult.ro\/cursuri\/wp-content\/uploads\/2020\/03\/Curs-Inspector-SSM.jpg\"><img loading=\"lazy\" decoding=\"async\" width=\"500\" height=\"500\" src=\"https:\/\/mondoconsult.ro\/cursuri\/wp-content\/uploads\/2020\/03\/Curs-Inspector-SSM.jpg\" alt=\"curs online formare profesionala\" class=\"wp-image-490\" srcset=\"https:\/\/mondoconsult.ro\/cursuri\/wp-content\/uploads\/2020\/03\/Curs-Inspector-SSM.jpg 500w, https:\/\/mondoconsult.ro\/cursuri\/wp-content\/uploads\/2020\/03\/Curs-Inspector-SSM-300x300.jpg 300w, https:\/\/mondoconsult.ro\/cursuri\/wp-content\/uploads\/2020\/03\/Curs-Inspector-SSM-150x150.jpg 150w\" sizes=\"auto, (max-width: 500px) 100vw, 500px\" \/><\/a><figcaption class=\"wp-element-caption\">curs online formare profesionala<\/figcaption><\/figure>\n<\/div>\n\n\n<div class=\"wp-block-group\"><div class=\"wp-block-group__inner-container is-layout-constrained wp-block-group-is-layout-constrained\"><\/div><\/div>\n\n\n\n<!--more-->\n\n\n\n<p><br>\n<\/p>\n\n\n\n<!--more-->\n\n\n\n<p><strong>Curs Referent Resurse Umane<\/strong><br>Program de formare profesionala autorizat Ministerul Muncii si Solidaritatii Sociale prin Comisia de Autorizare Judeteana<br> Absolventii cursului vor avea urmatoarele abilitati profesionale:<br> &#8211; organizarea recrutrarii si selectiei personalului;<br> &#8211; \u00eentocmirea si gestionarea documentelor de evidenta a personalului;<br> &#8211; cunoasterea dosarului de pensionare;<br> &#8211; realizarea statului de platata pentru personalul \u00eencadrat;<br> &#8211; realizarea declaratiilor privind contributiile la bugetul de stat<br> Curs de Specializare, Durata cursului este de\u00a0 80 de ore. Pretul este de <strong>799 lei<\/strong><\/p>\n\n\n\n<p><strong>Curs de Competente comune Limba Engleza<\/strong><br> Program de formare profesionala autorizat Ministerul Muncii si Solidaritatii Sociale prin Comisia de Autorizare Judeteana<br>Absolventii cursului isi vor dezvlota abilitatile de interactiune cu un interlocutor in limba engleza. Curs bazat pe aplicatii practice, studiu de caz, joc de rol, etc.<br> Curs de Initiere, Durata cursului este de 60 de ore. Pretul este <strong>699 lei<\/strong><\/p>\n\n\n\n<p><strong>Curs \u201dManagementul Fermei\u201d<\/strong><br> Mondo Consult organizeaz\u0103 cursul \u201dManagementul fermei\u201d<br> \u00cen cadrul acestor cursuri<span class=\"text_exposed_show\"> absolventii vor dob\u00e2ndi urm\u0103toarele competente:<br><br>&#8211; Organizarea \/ planificarea activit\u0103tii de productie a fermei<br><br>&#8211; Coordonarea asigur\u0103rii parcului de utilaje<br><br>&#8211; Elaborarea planului de aprovizionare<br><br>&#8211; Organizarea activit\u0103tii de asigurare a calit\u0103tii lucr\u0103rilor de sem\u0103nat culturi agricole<br><br>&#8211; Organizarea activit\u0103tii de \u00eentretinere a culturilor agricole<br><br>&#8211; Organizarea fluxului anual de productie zootehnic\u0103<br><br>&#8211; Organizarea activit\u0103tilor \u00een zootehnie<br><br>&#8211; Organizarea activit\u0103tii de valorificare a productiei fermei<br><br>&#8211; Managerierea gestion\u0103rii stocurilor de materiale<br><br>&#8211; Coordonarea activit\u0103\u021bilor specifice de cre\u015ftere a animalelor<\/span><br>Pretul este de <strong>499 lei<\/strong><\/p>\n\n\n\n<p><strong>Curs de \u201dCompeten\u021b\u0103 comun\u0103 &#8211; Competen\u021be antreprenoriale\u201d<br><\/strong>Program de formare profesionala autorizat Ministerul Muncii si Solidaritatii Sociale prin Comisia de Autorizare Judeteana<strong><br><\/strong>Durata cursului este de 40 ore.<br> Absolventii cursului vor avea urmatoarele abilit\u0103\u021bi profesionale:<br> -Con\u0219tientizarea valorilor etice care sus\u021bin comportamentele de conducere;<br> -Planificarea \u0219i organizarea activit\u0103\u021bii proprii c\u00e2t \u0219i a celorlal\u021bi;<br> -Identificarea priorit\u0103\u021bilor organiza\u021biei;<br> -Gestionarea timpului \u0219i a volumului de munc\u0103;<br> -Capacitatea de a pune ideile \u00een practic\u0103, urm\u0103rind rezultatele ropuse ini\u021bial;<br> -Atitudini de lider;<br> -Identificarea opoerunit\u0103\u021bilor existente pe pia\u021bi \u0219i a surselor de finan\u021bare pentru dezvoltarea propriei afaceri;<br> -\u00centocmirea unui plan de afaceri.<br>Pretul este de <strong>999 lei<\/strong><\/p>\n\n\n\n<div class=\"wp-block-group\"><div class=\"wp-block-group__inner-container is-layout-constrained wp-block-group-is-layout-constrained\">\n<div class=\"wp-block-group\"><div class=\"wp-block-group__inner-container is-layout-constrained wp-block-group-is-layout-constrained\">\n<div class=\"wp-block-group\"><div class=\"wp-block-group__inner-container is-layout-constrained wp-block-group-is-layout-constrained\">\n<p><em><strong>Curs comunicare eficienta cu clien\u021bii<\/strong><\/em><\/p>\n<\/div><\/div>\n<\/div><\/div>\n\n\n\n<p>Firma SC MONDO CONSULT organizeaza curs de comunicare eficient\u0103 cu clien\u021bii.Cursul se deruleaza pe parcursul a 50 de ore.<\/p>\n\n\n<div class=\"wp-block-image\">\n<figure class=\"aligncenter\"><a href=\"https:\/\/mondoconsult.ro\/cursuri\/wp-content\/uploads\/2020\/03\/unnamed.jpg\"><img loading=\"lazy\" decoding=\"async\" width=\"512\" height=\"279\" src=\"https:\/\/mondoconsult.ro\/cursuri\/wp-content\/uploads\/2020\/03\/unnamed.jpg\" alt=\"curs online formare profesionala\" class=\"wp-image-499\" srcset=\"https:\/\/mondoconsult.ro\/cursuri\/wp-content\/uploads\/2020\/03\/unnamed.jpg 512w, https:\/\/mondoconsult.ro\/cursuri\/wp-content\/uploads\/2020\/03\/unnamed-300x163.jpg 300w\" sizes=\"auto, (max-width: 512px) 100vw, 512px\" \/><\/a><\/figure>\n<\/div><\/div><\/div>\n\n\n\n<div class=\"wp-block-group\"><div class=\"wp-block-group__inner-container is-layout-constrained wp-block-group-is-layout-constrained\">\n<p><em><span style=\"color: #ff0000;\"><strong><mark style=\"background-color:rgba(0, 0, 0, 0)\" class=\"has-inline-color has-black-color\">Pretul cursului este de 690 lei.<\/mark><\/strong><\/span><\/em><\/p>\n\n\n\n<p>Competente dobandite: <\/p>\n\n\n\n<p><strong>\uf0b7Capacitatea de explicare \u015fi interpretare a elementele specifice rela\u0163iilor de pe pia\u0163a muncii la care<\/strong><br>\n<strong>persoanele dezavantajate sunt chemate s\u0103 le fac\u0103 fa\u0163\u0103<\/strong><br>\n<strong>\uf0b7 Abilitatea de a folosi \u015fi a transmite modele de comunicare eficiente<\/strong><br>\n<strong>\uf0b7 Abilitatea de a lucra \u00een echip\u0103<\/strong><br>\n<strong>\uf0b7 Capacitatea de a analiza \u015fi interpreta datele faptice \u015fi statistice din domeniul propriu \u015fi a le prezenta<\/strong><br>\n<strong>\u00eentrun limbaj adecvat nivelului interlocutorului. <\/strong><\/p>\n<\/div><\/div>\n\n\n\n<p><strong>NOU!!!&nbsp;<\/strong><\/p>\n\n\n\n<figure class=\"wp-block-image\"><a href=\"https:\/\/mondoconsult.ro\/cursuri\/wp-content\/uploads\/2018\/04\/22730042_2003919043203225_7043557427962409535_n.jpg\"><img loading=\"lazy\" decoding=\"async\" width=\"300\" height=\"137\" src=\"https:\/\/mondoconsult.ro\/cursuri\/wp-content\/uploads\/2018\/04\/22730042_2003919043203225_7043557427962409535_n-300x137.jpg\" alt=\"\" class=\"wp-image-90\" srcset=\"https:\/\/mondoconsult.ro\/cursuri\/wp-content\/uploads\/2018\/04\/22730042_2003919043203225_7043557427962409535_n-300x137.jpg 300w, https:\/\/mondoconsult.ro\/cursuri\/wp-content\/uploads\/2018\/04\/22730042_2003919043203225_7043557427962409535_n.jpg 500w\" sizes=\"auto, (max-width: 300px) 100vw, 300px\" \/><\/a><\/figure>\n\n\n\n<p><strong><br>\n<br>\n<\/strong><\/p>\n\n\n\n<p>Mondo Consult organizeaz\u0103 Curs &#8211; <strong>Protec\u021bia datelor cu caracter personal<\/strong><\/p>\n\n\n\n<figure class=\"wp-block-table\"><table class=\"has-fixed-layout\"><thead><tr><td><strong>Denumire program<\/strong><\/td><td><strong>Categorie<\/strong><\/td><td><strong>Cod C.O.R.<\/strong><\/td><td><strong>Durat\u0103<\/strong><\/td><td><strong>Nivel minim de studii pentru accesul la program<\/strong><\/td><\/tr><\/thead><tbody><tr><td>Responsabil Protectia Datelor cu Caracter Personal (DPO)<\/td><td>Cursuri specialitate<\/td><td>242231<\/td><td>3 zile<\/td><td>Nu exist\u0103 condi\u0163ii minime de acces referitoare la studii, v\u00e2rst\u0103 sau preg\u0103tire profesional\u0103<\/td><\/tr><\/tbody><\/table><\/figure>\n\n\n\n<p>\u00cen conformitate cu Regulamentului General de Protectie a Datelor Personale-General Data Protection Regulation (GDPR), al\u0103turi de Directiva (UE) 680\/2016<\/p>\n\n\n\n<p>Noul Regulament General privind protec\u021bia datelor cu caracter personal (GDPR) aprobat de Parlamentul European \u0219i Consiliul \u00een aprilie 2016 \u00eenlocuie\u0219te, \u00eencep\u00e2nd cu 25 Mai 2018, Directiva 95\/46\/EC \u0219i actele legislative din statele membre prin care aceasta fusese implementat\u0103.<\/p>\n\n\n\n<p>Este obliga\u021bia tuturor organiza\u021biilor care proceseaz\u0103 date cu caracter personal s\u0103 se adapteze la noile cerin\u021be legislative \u0219i s\u0103 implementeze noile m\u0103suri tehnice \u0219i organizatorice menite s\u0103 asigure o protec\u021bie adecvat\u0103 a datelor personale pe care le prelucreaz\u0103 \u00een cadrul activit\u0103\u021bii lor.<\/p>\n\n\n\n<p><strong>Regulamentul impune amenzi de p\u00e2n\u0103 la 20 de milioane de Euro sau 2-4% din cifra de afaceri global\u0103 \u00een cazul nerespect\u0103rii<\/strong><strong>.<\/strong><\/p>\n\n\n\n<p>Elementul de noutate pe care acest act normativ european \u00eel aduce \u00een peisajul juridic rom\u00e2nesc \u00eel reprezint\u0103 instituirea obligativit\u0103\u021bii desemn\u0103rii la nivelul operatorului sau persoanei \u00eemputernicite de operator, \u00een anumite cazuri, a unui&nbsp;<strong>responsabil cu protec\u021bia datelor<\/strong>. (RPD)<\/p>\n\n\n\n<p>Obiectivul acestui curs este s\u0103 familiarizeze participan\u021bii \u00eentr-un mod rapid \u0219i practic cu noile reglement\u0103ri \u0219i cerin\u021be \u00een materie de protec\u021bia datelor.<\/p>\n\n\n\n<p>Rela\u021bii suplimentare pute\u021bi ob\u021bine la telefon 0238.726.272 sau 0761.118.568.<\/p>\n\n\n\n<p><strong><em>Pentru actele necesare inscrierii la unul din cursurile noastre, click <\/em><\/strong><a href=\"https:\/\/mondoconsult.ro\/cursuri\/contact\/\" target=\"_blank\" rel=\"noopener noreferrer\"><em><strong>aici.<\/strong><\/em><\/a><\/p>\n\n\n\n<p class=\"v1v1gmail-MsoListParagraphCxSpMiddle\"><\/p>\n\n\n\n<p><\/p>\n","protected":false},"excerpt":{"rendered":"","protected":false},"author":1,"featured_media":0,"parent":0,"menu_order":0,"comment_status":"open","ping_status":"open","template":"template-fullwidth.php","meta":{"footnotes":""},"class_list":["post-12","page","type-page","status-publish","hentry"],"_links":{"self":[{"href":"https:\/\/mondoconsult.ro\/cursuri\/wp-json\/wp\/v2\/pages\/12","targetHints":{"allow":["GET"]}}],"collection":[{"href":"https:\/\/mondoconsult.ro\/cursuri\/wp-json\/wp\/v2\/pages"}],"about":[{"href":"https:\/\/mondoconsult.ro\/cursuri\/wp-json\/wp\/v2\/types\/page"}],"author":[{"embeddable":true,"href":"https:\/\/mondoconsult.ro\/cursuri\/wp-json\/wp\/v2\/users\/1"}],"replies":[{"embeddable":true,"href":"https:\/\/mondoconsult.ro\/cursuri\/wp-json\/wp\/v2\/comments?post=12"}],"version-history":[{"count":5,"href":"https:\/\/mondoconsult.ro\/cursuri\/wp-json\/wp\/v2\/pages\/12\/revisions"}],"predecessor-version":[{"id":2469,"href":"https:\/\/mondoconsult.ro\/cursuri\/wp-json\/wp\/v2\/pages\/12\/revisions\/2469"}],"wp:attachment":[{"href":"https:\/\/mondoconsult.ro\/cursuri\/wp-json\/wp\/v2\/media?parent=12"}],"curies":[{"name":"wp","href":"https:\/\/api.w.org\/{rel}","templated":true}]}}