{"id":18,"date":"2015-04-20T19:51:29","date_gmt":"2015-04-20T19:51:29","guid":{"rendered":"https:\/\/mondoconsult.ro\/cursuri\/?page_id=18"},"modified":"2025-08-26T13:00:04","modified_gmt":"2025-08-26T13:00:04","slug":"evaluare-de-competente","status":"publish","type":"page","link":"https:\/\/mondoconsult.ro\/cursuri\/evaluare-de-competente\/","title":{"rendered":"Evaluare de competente"},"content":{"rendered":"<p>&nbsp;<\/p>\n<h1><img loading=\"lazy\" decoding=\"async\" class=\"\" style=\"font-size: 16px;\" src=\"http:\/\/mondoconsult.ro\/img\/4_1.jpeg\" alt=\"evaluare de competente\" width=\"385\" height=\"257\" \/><\/h1>\n<p>evaluare de competente<a href=\"http:\/\/www.mondoconsult.ro\/img\/Cerere-de-inscriere-pentru-evaluari.doc\" target=\"_blank\" rel=\"noopener noreferrer\">\u00a0<em><strong>cerere de evaluare<\/strong><\/em><\/a><\/p>\n<p class=\"v1v1gmail-MsoListParagraphCxSpMiddle\">Evaluare de competente profesionale pentru persoanele care au dobandit cunostinte si abilitati in sistem non formal sau informal!<\/p>\n<p class=\"v1v1gmail-MsoListParagraphCxSpMiddle\">Ati fost zidar ucenic pe santier sau ajutor de bucatar, ajutor de patiser in restaurant\/cofetarie? Va asteptam la evaluare de competente profesionale, sa va certificati cunostintele, obtinand o diploma de calificare autorizata.<\/p>\n<p class=\"v1v1gmail-MsoListParagraphCxSpMiddle\">Mondo Consult este furnizor autorizat de evaluare de competente profesionale din anul 2006. Evaluarea de competente profesionale este realizata de evaluatori de competente profesionale cu experienta de 16 ani in domeniu.<\/p>\n<p class=\"v1v1gmail-MsoListParagraphCxSpMiddle\">Va asteptam sa va certificati competentele in:<\/p>\n<p class=\"v1v1gmail-MsoListParagraphCxSpMiddle\">&#8211;\u00a0\u00a0\u00a0\u00a0\u00a0\u00a0\u00a0\u00a0\u00a0\u00a0<strong>Evaluare de competente profesionale : Zidar rosar tencuitor<\/strong><\/p>\n<p class=\"v1v1gmail-MsoListParagraphCxSpMiddle\"><strong>Evaluare de competente profesionale Zugrav<br \/>\n<\/strong>Prin intermediul evaluarii de competente profesionale zugrav veti fi testati teoretic si practic in competente profesionale ce cuprind: pregatirea suprafetelor, prepararea solutiilor de lucru, aplicarea straturilor, executarea vopsitoriilor inclusiv in ulei, efectuarea tapetariilor precum si a ipsosariilor.<\/p>\n<p class=\"v1v1gmail-MsoListParagraphCxSpMiddle\">&#8211;\u00a0\u00a0\u00a0\u00a0\u00a0\u00a0\u00a0\u00a0\u00a0\u00a0<strong>Evaluare de competente profesionale Dulgher (exclusiv restaurator)<\/strong><\/p>\n<p class=\"v1v1gmail-MsoListParagraphCxSpMiddle\">&#8211;\u00a0\u00a0\u00a0\u00a0\u00a0\u00a0\u00a0\u00a0\u00a0\u00a0<strong>Evaluare de competente profesionale\u00a0\u00a0 Lacatus mecanic de intretinere si reparatii universale<br \/>\n<\/strong>Prin inermediul evaluarii de competente profesionale lacatus competente profesionale Lacatus mecanic de intretinere si reparatii universale veti fi testati teoretic si practic in competente ce cuprind realizarea schitei piesei, realizarea pieselor, montarea organelor in subansambluri, masurarea marimilor specifice, realizarea desenelor pentru organe de masini, realizarea si executarea ansamblurilor si constructiilor mecanice, intretinerea si revizia constructiilor, executarea utilajelor.<\/p>\n<p class=\"v1v1gmail-MsoListParagraphCxSpMiddle\">&#8211;\u00a0\u00a0\u00a0\u00a0\u00a0\u00a0\u00a0\u00a0\u00a0\u00a0<strong>Evaluare de competente profesionale \u00a0\u00a0Operator masini unelte cu comanda numerica<\/strong><\/p>\n<p class=\"v1v1gmail-MsoListParagraphCxSpMiddle\">Prin intermediul evaluarii de competente profesionale operator la masini-unelte cu command numerica veti fi testati teoretic si practic in competente ce cuprind controlul pieselor pe masini, depozitarea pieselor prelucrate, programarea masinii, stabilirea coordonatelor, reglarea masinii, reglarea sculelor, montarea dispozitivelor.<\/p>\n<p class=\"v1v1gmail-MsoListParagraphCxSpMiddle\">&#8211;\u00a0\u00a0\u00a0\u00a0\u00a0\u00a0\u00a0\u00a0\u00a0\u00a0<strong>Evaluare de competente profesionale\u00a0 Instalator apa canal<\/strong><\/p>\n<p class=\"v1v1gmail-MsoListParagraphCxSpLast\"><strong>Evaluare de competente profesionale \u00a0\u00a0Electrician in constructii<\/strong><br \/>\nPrin intermediul evaluarii de competente profesionale electrician in constructii veti fi testati teoretic si practic in competente ce cuprind montajul traseelor, pozarea conductoarelor, realizarea conexiunilor de medie si joasa tensiune, montajul instalatiilor aferente echipamentelor, montarea tablourilor de distributie.<\/p>\n<p><em>\u00a0<strong>Actele de care aveti nevoie pentru a va inscrie pentru o evaluare sunt urmatoarele:<\/strong><br \/>\n<\/em><\/p>\n<ol>\n<li><em>Copie dupa actul dumneavoastra de identitate<\/em><\/li>\n<li><em>Copie dupa certificatul dumneavoastra de nastere<\/em><\/li>\n<li><em>Daca este cazul unei schimbari de nume, copie dupa certificatul de casatorie<br \/>\n<\/em><\/li>\n<li><em>O copie dupa ultimul dumneavoastra act de studie, o foaie matricola etc.<br \/>\n<\/em><\/li>\n<li><em>Un CV cat mai detaliat<br \/>\n<\/em><\/li>\n<li><em>Un raport completat din partea altor persoane<\/em><\/li>\n<\/ol>\n<p><em><strong>01. \u00a0Agricultor \u00een culturi vegetale \u015fi cresc\u0103tor de animale<\/strong><\/em><br \/>\n<em><strong>02. \u00a0Asfaltator<\/strong><strong><br \/>\n<\/strong><\/em><strong><em>03. \u00a0Buc\u0103tar<\/em><\/strong><br \/>\n<strong><em>04. \u00a0Cofetar<br \/>\n<\/em><em>05. \u00a0Confectioner-asamblor articole din textile<br \/>\n<\/em><em>06. \u00a0Dulgher (exclusiv restaurator)<br \/>\n<\/em><em>07. \u00a0Electrician \u00een construc\u021bii<br \/>\n<\/em><em>08. \u00a0Fierar betonist, montator prefabricate<br \/>\n<\/em><em>09. \u00a0Formator<br \/>\n<\/em><em>10. \u00a0Instalator ap\u0103, canal<\/em><\/strong><br \/>\n<strong><em>11. \u00a0\u00cengrijitoare b\u0103tr\u00e2ni la domiciliu<\/em><\/strong><br \/>\n<strong><em>12. \u00a0L\u0103c\u0103tu\u0219 mecanic de \u00eentre\u021binere \u0219i repara\u021bii universale<br \/>\n<\/em><\/strong><em><strong>13. \u00a0Lucr\u0103tor comercial<br \/>\n<\/strong><\/em><em><strong>14. \u00a0Manager \u00een activitatea de turism<br \/>\n15. Ma\u0219inist la ma\u0219ini pentru terasamente<br \/>\n<\/strong><\/em><strong><em>16. \u00a0Operator la ma\u0219ini-unelte cu comand\u0103 numeric\u0103<br \/>\n<\/em><em>17. \u00a0Osp\u0103tar (chelner)<br \/>\n<\/em><\/strong><em><strong>18. \u00a0Pavator<\/strong><\/em><br \/>\n<em><strong>19. \u00a0Recep\u021bioner<br \/>\n<\/strong><\/em><strong><em>20. \u00a0Zidar, ro\u0219ar, tencuitor<br \/>\n<\/em><em>21. \u00a0Zugrav<br \/>\n<\/em><\/strong><em>\u00a0<\/em><\/p>\n<p><strong><em>P<\/em><\/strong><em><strong>entru descrierea detaliata a evaluarilor va rugam sa ne <a href=\"https:\/\/mondoconsult.ro\/cursuri\/contact\/\" target=\"_blank\" rel=\"noopener noreferrer\">contactati<\/a><br \/>\n<\/strong><\/em><\/p>\n","protected":false},"excerpt":{"rendered":"<p>&nbsp; evaluare de competente\u00a0cerere de evaluare Evaluare de competente profesionale pentru persoanele care au dobandit cunostinte si abilitati in sistem non formal sau informal! Ati fost zidar ucenic pe santier sau ajutor de bucatar, ajutor de patiser in restaurant\/cofetarie? Va asteptam la evaluare de competente profesionale, sa va certificati cunostintele, obtinand o diploma de calificare [&hellip;]<\/p>\n","protected":false},"author":1,"featured_media":0,"parent":0,"menu_order":0,"comment_status":"open","ping_status":"open","template":"","meta":{"footnotes":""},"class_list":["post-18","page","type-page","status-publish","hentry"],"_links":{"self":[{"href":"https:\/\/mondoconsult.ro\/cursuri\/wp-json\/wp\/v2\/pages\/18","targetHints":{"allow":["GET"]}}],"collection":[{"href":"https:\/\/mondoconsult.ro\/cursuri\/wp-json\/wp\/v2\/pages"}],"about":[{"href":"https:\/\/mondoconsult.ro\/cursuri\/wp-json\/wp\/v2\/types\/page"}],"author":[{"embeddable":true,"href":"https:\/\/mondoconsult.ro\/cursuri\/wp-json\/wp\/v2\/users\/1"}],"replies":[{"embeddable":true,"href":"https:\/\/mondoconsult.ro\/cursuri\/wp-json\/wp\/v2\/comments?post=18"}],"version-history":[{"count":5,"href":"https:\/\/mondoconsult.ro\/cursuri\/wp-json\/wp\/v2\/pages\/18\/revisions"}],"predecessor-version":[{"id":2591,"href":"https:\/\/mondoconsult.ro\/cursuri\/wp-json\/wp\/v2\/pages\/18\/revisions\/2591"}],"wp:attachment":[{"href":"https:\/\/mondoconsult.ro\/cursuri\/wp-json\/wp\/v2\/media?parent=18"}],"curies":[{"name":"wp","href":"https:\/\/api.w.org\/{rel}","templated":true}]}}