{"id":1976,"date":"2024-11-01T11:14:48","date_gmt":"2024-11-01T11:14:48","guid":{"rendered":"https:\/\/mondoconsult.ro\/cursuri\/?page_id=1976"},"modified":"2026-04-29T10:50:37","modified_gmt":"2026-04-29T10:50:37","slug":"peo-308718","status":"publish","type":"page","link":"https:\/\/mondoconsult.ro\/cursuri\/peo-308718\/","title":{"rendered":"PEO 308718"},"content":{"rendered":"\n<figure class=\"wp-block-image size-large\"><a href=\"https:\/\/mondoconsult.ro\/cursuri\/wp-content\/uploads\/2024\/11\/Sigle.png\"><img loading=\"lazy\" decoding=\"async\" width=\"1024\" height=\"169\" src=\"https:\/\/mondoconsult.ro\/cursuri\/wp-content\/uploads\/2024\/11\/Sigle-1024x169.png\" alt=\"\" class=\"wp-image-1986\" srcset=\"https:\/\/mondoconsult.ro\/cursuri\/wp-content\/uploads\/2024\/11\/Sigle-1024x169.png 1024w, https:\/\/mondoconsult.ro\/cursuri\/wp-content\/uploads\/2024\/11\/Sigle-300x50.png 300w, https:\/\/mondoconsult.ro\/cursuri\/wp-content\/uploads\/2024\/11\/Sigle-768x127.png 768w, https:\/\/mondoconsult.ro\/cursuri\/wp-content\/uploads\/2024\/11\/Sigle-1536x254.png 1536w, https:\/\/mondoconsult.ro\/cursuri\/wp-content\/uploads\/2024\/11\/Sigle-2048x338.png 2048w\" sizes=\"auto, (max-width: 1024px) 100vw, 1024px\" \/><\/a><\/figure>\n\n\n\n<p><strong>PEO 308718 &#8211; &#8222;UPGRADEAZA-TE!&#8221;<\/strong><br><br>Obiective: <br><br>OS 1. Consilierea a 602 angajati din regiunile Sud \u2013 Est si Nord \u2013 Est in ce priveste dezvoltarea carierei, aparitia de noi competente pe piata muncii si incurajarea participarii la FPC pentru dobandirea acestora. Obiectivul specific 1 presupune consilierea profesionala a angaja\u021bilor pentru \u00eencurajarea particip\u0103rii la programele de FPC, inclusiv \u00een leg\u0103tur\u0103 direct\u0103 cu dezvoltarea carierei \u0219i apari\u021biei de noi competen\u021be pe pia\u021ba muncii. Aceasta va presupune asigurarea persoanelor din grupul tinta a unui sprijin prin care,<br>pornind de la elementele de consiliere ce preced formarea profesionala, sa se finalizeze cu dobandirea de noi competente solicitate pe piata muncii. Obectivele consilierii sunt: diagnosticarea traseului profesional si stabilirea interesului pt. o anumita meserie; orientarea beneficiarilor spre programele de FPC, pentru practicarea meseriei dorite; facilitarea schimbarii comportamentului profesional, fortificarea capacitatii de a face fata noilor competente solicitate de piata muncii, stimularea valorificarii potentialului<br>personal. O.S. 1 contribuie la realizarea scopului proiectului si al indicatorului de realizare EECO01.<br><br>OS 2. Formarea profesionala a 602 angajati si certificarea a minim 85% dintre acestia, respectiv a unui nr de 512 persoane ce vor fi certificate in urma unui proces de evaluare, din care 78 de persoane vor fi certificate in programe de calificare de nivel 2. Obiectivul specific 2 presupune organizarea si derularea a 43 de grupe de formare pe 15 tipuri de programe de formare profesionala diferite, din care 5 formale, cu recunoastere la nivel national si 10 nonformale\/informale, cu recunoastere la nivelulan gajatorului. O.S. 2 asigura realizarea scopului proiectului si a indicatorilor de realizare EECO01 si de rezultat 5SR01 si EECR03 de a contribui la actualizarea portofoliului de competente a 602 angajati si certificarii a minimum 512 dintre acestia, din care 78 calificati, in competente identificate ca fiind necesare la nivelul a 40 de angajatori din cele 2 regiuni vizate de analiza de piata a nevoilor de formare profesionala realizata de solicitant anterior depunerii CF si care a stat la baza conceperii acestui proiect.<\/p>\n\n\n\n<p><br><br>Perioada de implementare a proiectului: <strong>01.11.2024<\/strong> <strong>&#8211; 30.04.2027<\/strong><br>Valoarea total\u0103 eligibil\u0103 a proiectului: <strong>4.922.929,73 RON<\/strong><br>Proiect cofinantat prin Programul Educa\u021bie \u0219i Ocupare PEO &#8222;Tine pasul&#8221; &#8211; Regiuni mai putin dezvoltate<br>Cursuri de formare profesionala oferite gratuit persoanelor salariate, cu varsta intre 18 si 64 de ani, cu domiciliul in judetele Bacau, Vaslui, Suceava, Neamt, Buzau, Galati, Braila. <\/p>\n\n\n\n<p><strong>Cursuri formale: <\/strong><br>Curs &#8211; Lucr\u0103tor comercial<br>Curs &#8211; Confec\u021bioner asamblor articole din textile<br>Curs &#8211; Limba englez\u0103<br>Curs &#8211; Responsabil resurse umane<br>Curs &#8211; Operator introducere, validare \u0219i prelucrare date<br><br><strong>Cursuri non-formale:<\/strong><br>* Curs Management prin intermediul canalelor de digitalizare<br>* Curs Egalitate de \u0219anse \/ nediscriminare<br>* Curs Protec\u021bia mediului<br>* Curs Igiena alimentara<br>* Curs Ospatar<br>* Curs Leadership<br>* Curs Wellness si managementul stresului<br>* Curs Tehnici de vanzari si negocieri<br>* Curs Bucatar<br>* Curs Trainer<\/p>\n\n\n\n<p><br><\/p>\n\n\n\n<figure class=\"wp-block-image size-large\"><a href=\"https:\/\/mondoconsult.ro\/cursuri\/wp-content\/uploads\/2025\/04\/WhatsApp-Image-2025-01-28-at-09.09.21.jpg\"><img loading=\"lazy\" decoding=\"async\" width=\"1024\" height=\"559\" src=\"https:\/\/mondoconsult.ro\/cursuri\/wp-content\/uploads\/2025\/04\/WhatsApp-Image-2025-01-28-at-09.09.21-1024x559.jpg\" alt=\"\" class=\"wp-image-2493\" srcset=\"https:\/\/mondoconsult.ro\/cursuri\/wp-content\/uploads\/2025\/04\/WhatsApp-Image-2025-01-28-at-09.09.21-1024x559.jpg 1024w, https:\/\/mondoconsult.ro\/cursuri\/wp-content\/uploads\/2025\/04\/WhatsApp-Image-2025-01-28-at-09.09.21-300x164.jpg 300w, https:\/\/mondoconsult.ro\/cursuri\/wp-content\/uploads\/2025\/04\/WhatsApp-Image-2025-01-28-at-09.09.21-768x420.jpg 768w, https:\/\/mondoconsult.ro\/cursuri\/wp-content\/uploads\/2025\/04\/WhatsApp-Image-2025-01-28-at-09.09.21.jpg 1380w\" sizes=\"auto, (max-width: 1024px) 100vw, 1024px\" \/><\/a><\/figure>\n\n\n\n<figure class=\"wp-block-gallery has-nested-images columns-default is-cropped wp-block-gallery-1 is-layout-flex wp-block-gallery-is-layout-flex\">\n<figure class=\"wp-block-image size-large is-resized\"><a href=\"https:\/\/mondoconsult.ro\/cursuri\/wp-content\/uploads\/2025\/04\/WhatsApp-Image-2025-01-28-at-09.11.50-1-2.jpeg\"><img loading=\"lazy\" decoding=\"async\" width=\"1024\" height=\"769\" data-id=\"2485\" src=\"https:\/\/mondoconsult.ro\/cursuri\/wp-content\/uploads\/2025\/04\/WhatsApp-Image-2025-01-28-at-09.11.50-1-2-1024x769.jpeg\" alt=\"\" class=\"wp-image-2485\" style=\"width:491px;height:auto\" srcset=\"https:\/\/mondoconsult.ro\/cursuri\/wp-content\/uploads\/2025\/04\/WhatsApp-Image-2025-01-28-at-09.11.50-1-2-1024x769.jpeg 1024w, https:\/\/mondoconsult.ro\/cursuri\/wp-content\/uploads\/2025\/04\/WhatsApp-Image-2025-01-28-at-09.11.50-1-2-300x225.jpeg 300w, https:\/\/mondoconsult.ro\/cursuri\/wp-content\/uploads\/2025\/04\/WhatsApp-Image-2025-01-28-at-09.11.50-1-2-768x576.jpeg 768w, https:\/\/mondoconsult.ro\/cursuri\/wp-content\/uploads\/2025\/04\/WhatsApp-Image-2025-01-28-at-09.11.50-1-2-1536x1153.jpeg 1536w, https:\/\/mondoconsult.ro\/cursuri\/wp-content\/uploads\/2025\/04\/WhatsApp-Image-2025-01-28-at-09.11.50-1-2.jpeg 1600w\" sizes=\"auto, (max-width: 1024px) 100vw, 1024px\" \/><\/a><\/figure>\n\n\n\n<figure class=\"wp-block-image size-large\"><a href=\"https:\/\/mondoconsult.ro\/cursuri\/wp-content\/uploads\/2025\/04\/WhatsApp-Image-2025-03-21-at-13.00.27-1-2.jpg\"><img loading=\"lazy\" decoding=\"async\" width=\"720\" height=\"845\" data-id=\"2486\" src=\"https:\/\/mondoconsult.ro\/cursuri\/wp-content\/uploads\/2025\/04\/WhatsApp-Image-2025-03-21-at-13.00.27-1-2.jpg\" alt=\"\" class=\"wp-image-2486\" srcset=\"https:\/\/mondoconsult.ro\/cursuri\/wp-content\/uploads\/2025\/04\/WhatsApp-Image-2025-03-21-at-13.00.27-1-2.jpg 720w, https:\/\/mondoconsult.ro\/cursuri\/wp-content\/uploads\/2025\/04\/WhatsApp-Image-2025-03-21-at-13.00.27-1-2-256x300.jpg 256w\" sizes=\"auto, (max-width: 720px) 100vw, 720px\" \/><\/a><\/figure>\n<\/figure>\n\n\n\n<p>&nbsp;<\/p>\n\n\n\n<figure class=\"wp-block-image size-full\"><a href=\"https:\/\/mondoconsult.ro\/cursuri\/wp-content\/uploads\/2025\/04\/WhatsApp-Image-2025-01-28-at-09.09.14-2.jpg\"><img loading=\"lazy\" decoding=\"async\" width=\"960\" height=\"898\" src=\"https:\/\/mondoconsult.ro\/cursuri\/wp-content\/uploads\/2025\/04\/WhatsApp-Image-2025-01-28-at-09.09.14-2.jpg\" alt=\"\" class=\"wp-image-2488\" srcset=\"https:\/\/mondoconsult.ro\/cursuri\/wp-content\/uploads\/2025\/04\/WhatsApp-Image-2025-01-28-at-09.09.14-2.jpg 960w, https:\/\/mondoconsult.ro\/cursuri\/wp-content\/uploads\/2025\/04\/WhatsApp-Image-2025-01-28-at-09.09.14-2-300x281.jpg 300w, https:\/\/mondoconsult.ro\/cursuri\/wp-content\/uploads\/2025\/04\/WhatsApp-Image-2025-01-28-at-09.09.14-2-768x718.jpg 768w\" sizes=\"auto, (max-width: 960px) 100vw, 960px\" \/><\/a><\/figure>\n\n\n\n<figure class=\"wp-block-gallery has-nested-images columns-default is-cropped wp-block-gallery-2 is-layout-flex wp-block-gallery-is-layout-flex\">\n<figure class=\"wp-block-image size-large\"><a href=\"https:\/\/mondoconsult.ro\/cursuri\/wp-content\/uploads\/2025\/04\/WhatsApp-Image-2025-03-20-at-15.35.56-2-2.jpg\"><img loading=\"lazy\" decoding=\"async\" width=\"462\" height=\"1024\" data-id=\"2489\" src=\"https:\/\/mondoconsult.ro\/cursuri\/wp-content\/uploads\/2025\/04\/WhatsApp-Image-2025-03-20-at-15.35.56-2-2-462x1024.jpg\" alt=\"\" class=\"wp-image-2489\" srcset=\"https:\/\/mondoconsult.ro\/cursuri\/wp-content\/uploads\/2025\/04\/WhatsApp-Image-2025-03-20-at-15.35.56-2-2-462x1024.jpg 462w, https:\/\/mondoconsult.ro\/cursuri\/wp-content\/uploads\/2025\/04\/WhatsApp-Image-2025-03-20-at-15.35.56-2-2-135x300.jpg 135w, https:\/\/mondoconsult.ro\/cursuri\/wp-content\/uploads\/2025\/04\/WhatsApp-Image-2025-03-20-at-15.35.56-2-2-768x1704.jpg 768w, https:\/\/mondoconsult.ro\/cursuri\/wp-content\/uploads\/2025\/04\/WhatsApp-Image-2025-03-20-at-15.35.56-2-2-692x1536.jpg 692w, https:\/\/mondoconsult.ro\/cursuri\/wp-content\/uploads\/2025\/04\/WhatsApp-Image-2025-03-20-at-15.35.56-2-2.jpg 923w\" sizes=\"auto, (max-width: 462px) 100vw, 462px\" \/><\/a><\/figure>\n\n\n\n<figure class=\"wp-block-image size-large\"><a href=\"https:\/\/mondoconsult.ro\/cursuri\/wp-content\/uploads\/2025\/04\/WhatsApp-Image-2025-03-20-at-15.35.56-3.jpg\"><img loading=\"lazy\" decoding=\"async\" width=\"462\" height=\"1024\" data-id=\"2491\" src=\"https:\/\/mondoconsult.ro\/cursuri\/wp-content\/uploads\/2025\/04\/WhatsApp-Image-2025-03-20-at-15.35.56-3-462x1024.jpg\" alt=\"\" class=\"wp-image-2491\" srcset=\"https:\/\/mondoconsult.ro\/cursuri\/wp-content\/uploads\/2025\/04\/WhatsApp-Image-2025-03-20-at-15.35.56-3-462x1024.jpg 462w, https:\/\/mondoconsult.ro\/cursuri\/wp-content\/uploads\/2025\/04\/WhatsApp-Image-2025-03-20-at-15.35.56-3-135x300.jpg 135w, https:\/\/mondoconsult.ro\/cursuri\/wp-content\/uploads\/2025\/04\/WhatsApp-Image-2025-03-20-at-15.35.56-3-768x1704.jpg 768w, https:\/\/mondoconsult.ro\/cursuri\/wp-content\/uploads\/2025\/04\/WhatsApp-Image-2025-03-20-at-15.35.56-3-692x1536.jpg 692w, https:\/\/mondoconsult.ro\/cursuri\/wp-content\/uploads\/2025\/04\/WhatsApp-Image-2025-03-20-at-15.35.56-3.jpg 923w\" sizes=\"auto, (max-width: 462px) 100vw, 462px\" \/><\/a><\/figure>\n\n\n\n<figure class=\"wp-block-image size-large\"><a href=\"https:\/\/mondoconsult.ro\/cursuri\/wp-content\/uploads\/2025\/04\/WhatsApp-Image-2025-03-29-at-07.47.32-3.jpeg\"><img loading=\"lazy\" decoding=\"async\" width=\"461\" height=\"1024\" data-id=\"2490\" src=\"https:\/\/mondoconsult.ro\/cursuri\/wp-content\/uploads\/2025\/04\/WhatsApp-Image-2025-03-29-at-07.47.32-3-461x1024.jpeg\" alt=\"\" class=\"wp-image-2490\" srcset=\"https:\/\/mondoconsult.ro\/cursuri\/wp-content\/uploads\/2025\/04\/WhatsApp-Image-2025-03-29-at-07.47.32-3-461x1024.jpeg 461w, https:\/\/mondoconsult.ro\/cursuri\/wp-content\/uploads\/2025\/04\/WhatsApp-Image-2025-03-29-at-07.47.32-3-135x300.jpeg 135w, https:\/\/mondoconsult.ro\/cursuri\/wp-content\/uploads\/2025\/04\/WhatsApp-Image-2025-03-29-at-07.47.32-3-768x1705.jpeg 768w, https:\/\/mondoconsult.ro\/cursuri\/wp-content\/uploads\/2025\/04\/WhatsApp-Image-2025-03-29-at-07.47.32-3-692x1536.jpeg 692w, https:\/\/mondoconsult.ro\/cursuri\/wp-content\/uploads\/2025\/04\/WhatsApp-Image-2025-03-29-at-07.47.32-3.jpeg 908w\" sizes=\"auto, (max-width: 461px) 100vw, 461px\" \/><\/a><\/figure>\n<\/figure>\n\n\n\n<figure class=\"wp-block-image size-full\"><a href=\"https:\/\/mondoconsult.ro\/cursuri\/wp-content\/uploads\/2025\/04\/WhatsApp-Image-2025-04-02-at-12.15.55-2.jpg\"><img loading=\"lazy\" decoding=\"async\" width=\"975\" height=\"536\" src=\"https:\/\/mondoconsult.ro\/cursuri\/wp-content\/uploads\/2025\/04\/WhatsApp-Image-2025-04-02-at-12.15.55-2.jpg\" alt=\"\" class=\"wp-image-2492\" srcset=\"https:\/\/mondoconsult.ro\/cursuri\/wp-content\/uploads\/2025\/04\/WhatsApp-Image-2025-04-02-at-12.15.55-2.jpg 975w, https:\/\/mondoconsult.ro\/cursuri\/wp-content\/uploads\/2025\/04\/WhatsApp-Image-2025-04-02-at-12.15.55-2-300x165.jpg 300w, https:\/\/mondoconsult.ro\/cursuri\/wp-content\/uploads\/2025\/04\/WhatsApp-Image-2025-04-02-at-12.15.55-2-768x422.jpg 768w\" sizes=\"auto, (max-width: 975px) 100vw, 975px\" \/><\/a><\/figure>\n\n\n\n<p>Comunicat de pres\u0103: <br><a href=\"https:\/\/www.campusbuzau.ro\/comunicat-mondoconsult-deschidere-proiect-upgradeaza-te\/\">https:\/\/www.campusbuzau.ro\/comunicat-mondoconsult-deschidere-proiect-upgradeaza-te\/<\/a><\/p>\n\n\n\n<p>Pentru informa\u0163ii detaliate despre celelalte programe cofinan\u0163ate de Uniunea European\u0103, v\u0103 invit\u0103m s\u0103 vizita\u0163i <a href=\"https:\/\/old.fonduri-ue.ro\/\">www.fonduri-ue.ro<\/a><\/p>\n\n\n\n<figure class=\"wp-block-audio\"><audio controls src=\"https:\/\/mondoconsult.ro\/cursuri\/wp-content\/uploads\/2025\/03\/focus-spot.mp3\"><\/audio><\/figure>\n\n\n\n<figure class=\"wp-block-audio\"><audio controls src=\"https:\/\/mondoconsult.ro\/cursuri\/wp-content\/uploads\/2025\/03\/Viva-spot.mp3\"><\/audio><\/figure>\n\n\n\n<div data-wp-interactive=\"core\/file\" class=\"wp-block-file\"><object data-wp-bind--hidden=\"!state.hasPdfPreview\" hidden class=\"wp-block-file__embed\" data=\"https:\/\/mondoconsult.ro\/cursuri\/wp-content\/uploads\/2025\/06\/sd-metodologie-recrutare-GT.pdf\" type=\"application\/pdf\" style=\"width:100%;height:600px\" aria-label=\"\u00cenglobare pentru sd metodologie recrutare GT.\"><\/object><a id=\"wp-block-file--media-53fe13c9-d22a-4a94-b159-0e44d66526fb\" href=\"https:\/\/mondoconsult.ro\/cursuri\/wp-content\/uploads\/2025\/06\/sd-metodologie-recrutare-GT.pdf\">sd metodologie recrutare GT<\/a><a href=\"https:\/\/mondoconsult.ro\/cursuri\/wp-content\/uploads\/2025\/06\/sd-metodologie-recrutare-GT.pdf\" class=\"wp-block-file__button wp-element-button\" download aria-describedby=\"wp-block-file--media-53fe13c9-d22a-4a94-b159-0e44d66526fb\">Descarc\u0103<\/a><\/div>\n","protected":false},"excerpt":{"rendered":"<p>PEO 308718 &#8211; &#8222;UPGRADEAZA-TE!&#8221; Obiective: OS 1. Consilierea a 602 angajati din regiunile Sud \u2013 Est si Nord \u2013 Est in ce priveste dezvoltarea carierei, aparitia de noi competente pe piata muncii si incurajarea participarii la FPC pentru dobandirea acestora. Obiectivul specific 1 presupune consilierea profesionala a angaja\u021bilor pentru \u00eencurajarea particip\u0103rii la programele de FPC, [&hellip;]<\/p>\n","protected":false},"author":2,"featured_media":0,"parent":0,"menu_order":0,"comment_status":"closed","ping_status":"closed","template":"","meta":{"footnotes":""},"class_list":["post-1976","page","type-page","status-publish","hentry"],"_links":{"self":[{"href":"https:\/\/mondoconsult.ro\/cursuri\/wp-json\/wp\/v2\/pages\/1976","targetHints":{"allow":["GET"]}}],"collection":[{"href":"https:\/\/mondoconsult.ro\/cursuri\/wp-json\/wp\/v2\/pages"}],"about":[{"href":"https:\/\/mondoconsult.ro\/cursuri\/wp-json\/wp\/v2\/types\/page"}],"author":[{"embeddable":true,"href":"https:\/\/mondoconsult.ro\/cursuri\/wp-json\/wp\/v2\/users\/2"}],"replies":[{"embeddable":true,"href":"https:\/\/mondoconsult.ro\/cursuri\/wp-json\/wp\/v2\/comments?post=1976"}],"version-history":[{"count":6,"href":"https:\/\/mondoconsult.ro\/cursuri\/wp-json\/wp\/v2\/pages\/1976\/revisions"}],"predecessor-version":[{"id":2742,"href":"https:\/\/mondoconsult.ro\/cursuri\/wp-json\/wp\/v2\/pages\/1976\/revisions\/2742"}],"wp:attachment":[{"href":"https:\/\/mondoconsult.ro\/cursuri\/wp-json\/wp\/v2\/media?parent=1976"}],"curies":[{"name":"wp","href":"https:\/\/api.w.org\/{rel}","templated":true}]}}