{"id":2046,"date":"2025-02-13T09:44:09","date_gmt":"2025-02-13T09:44:09","guid":{"rendered":"https:\/\/mondoconsult.ro\/cursuri\/?page_id=2046"},"modified":"2025-03-17T09:34:46","modified_gmt":"2025-03-17T09:34:46","slug":"cursuri-nonformale","status":"publish","type":"page","link":"https:\/\/mondoconsult.ro\/cursuri\/cursuri-nonformale\/","title":{"rendered":"PEO 308718 &#8211; Cursuri non-formale"},"content":{"rendered":"\n<p>Management prin intermediul canalelor de digitalizare<\/p>\n\n\n\n<p>Egalitate de \u0219anse\/nediscriminare<\/p>\n\n\n\n<p>Protec\u021bia mediului<\/p>\n\n\n\n<p><a href=\"https:\/\/mondoconsult.ro\/cursuri\/peo-308718-igiena-alimentara\/\" data-type=\"page\" data-id=\"2165\">Igien\u0103 alimentar\u0103<\/a><\/p>\n\n\n\n<p><a href=\"https:\/\/mondoconsult.ro\/cursuri\/peo-308718-ospatar\/\" data-type=\"page\" data-id=\"2235\">Osp\u0103tar<\/a><\/p>\n\n\n\n<p><a href=\"https:\/\/mondoconsult.ro\/cursuri\/peo-308718-leadership\/\" data-type=\"page\" data-id=\"2324\">Leadership<\/a><\/p>\n\n\n\n<p><a href=\"https:\/\/mondoconsult.ro\/cursuri\/curs-de-wellness-si-managementul-stresului\/\" data-type=\"page\" data-id=\"2059\">Wellness \u0219i managementul stresului<\/a><\/p>\n\n\n\n<p><a href=\"https:\/\/mondoconsult.ro\/cursuri\/peo-308718-tehnici-de-vanzari-si-negocieri\/\" data-type=\"page\" data-id=\"2328\">Tehnici de v\u00e2nz\u0103ri \u0219i negocieri<\/a><\/p>\n\n\n\n<p><a href=\"https:\/\/mondoconsult.ro\/cursuri\/peo-308718-bucatar\/\" data-type=\"page\" data-id=\"2177\">Buc\u0103tar<\/a><\/p>\n\n\n\n<p><a href=\"https:\/\/mondoconsult.ro\/cursuri\/peo-308718-trainer\/\" data-type=\"page\" data-id=\"2342\">Trainer<\/a><\/p>\n","protected":false},"excerpt":{"rendered":"<p>Management prin intermediul canalelor de digitalizare Egalitate de \u0219anse\/nediscriminare Protec\u021bia mediului Igien\u0103 alimentar\u0103 Osp\u0103tar Leadership Wellness \u0219i managementul stresului Tehnici de v\u00e2nz\u0103ri \u0219i negocieri Buc\u0103tar Trainer<\/p>\n","protected":false},"author":2,"featured_media":0,"parent":0,"menu_order":0,"comment_status":"closed","ping_status":"closed","template":"","meta":{"footnotes":""},"class_list":["post-2046","page","type-page","status-publish","hentry"],"_links":{"self":[{"href":"https:\/\/mondoconsult.ro\/cursuri\/wp-json\/wp\/v2\/pages\/2046","targetHints":{"allow":["GET"]}}],"collection":[{"href":"https:\/\/mondoconsult.ro\/cursuri\/wp-json\/wp\/v2\/pages"}],"about":[{"href":"https:\/\/mondoconsult.ro\/cursuri\/wp-json\/wp\/v2\/types\/page"}],"author":[{"embeddable":true,"href":"https:\/\/mondoconsult.ro\/cursuri\/wp-json\/wp\/v2\/users\/2"}],"replies":[{"embeddable":true,"href":"https:\/\/mondoconsult.ro\/cursuri\/wp-json\/wp\/v2\/comments?post=2046"}],"version-history":[{"count":5,"href":"https:\/\/mondoconsult.ro\/cursuri\/wp-json\/wp\/v2\/pages\/2046\/revisions"}],"predecessor-version":[{"id":2396,"href":"https:\/\/mondoconsult.ro\/cursuri\/wp-json\/wp\/v2\/pages\/2046\/revisions\/2396"}],"wp:attachment":[{"href":"https:\/\/mondoconsult.ro\/cursuri\/wp-json\/wp\/v2\/media?parent=2046"}],"curies":[{"name":"wp","href":"https:\/\/api.w.org\/{rel}","templated":true}]}}