{"id":2053,"date":"2025-02-13T10:15:10","date_gmt":"2025-02-13T10:15:10","guid":{"rendered":"https:\/\/mondoconsult.ro\/cursuri\/?page_id=2053"},"modified":"2025-04-10T08:26:15","modified_gmt":"2025-04-10T08:26:15","slug":"cursuri-non-formale","status":"publish","type":"page","link":"https:\/\/mondoconsult.ro\/cursuri\/cursuri-non-formale\/","title":{"rendered":"PEO 313162 &#8211; Cursuri non-formale"},"content":{"rendered":"\n<p>Competen\u021be digitale avansate \u00een utilizarea aplica\u021biilor platformelor de comunicare social\u0103 \u00een scop profesional<\/p>\n\n\n\n<p>Management prin intermediul canalelor de digitalizare<\/p>\n\n\n\n<p>Protec\u021bia mediului<\/p>\n\n\n\n<p>Competen\u021be digitale avansate \u00een utilizarea aplica\u021biilor informatice pentru eficientizarea activit\u0103\u0163ii \u00eentreprinderilor<\/p>\n\n\n\n<p>Locuri de munc\u0103 verzi<\/p>\n","protected":false},"excerpt":{"rendered":"<p>Competen\u021be digitale avansate \u00een utilizarea aplica\u021biilor platformelor de comunicare social\u0103 \u00een scop profesional Management prin intermediul canalelor de digitalizare Protec\u021bia mediului Competen\u021be digitale avansate \u00een utilizarea aplica\u021biilor informatice pentru eficientizarea activit\u0103\u0163ii \u00eentreprinderilor Locuri de munc\u0103 verzi<\/p>\n","protected":false},"author":2,"featured_media":0,"parent":0,"menu_order":0,"comment_status":"closed","ping_status":"closed","template":"","meta":{"footnotes":""},"class_list":["post-2053","page","type-page","status-publish","hentry"],"_links":{"self":[{"href":"https:\/\/mondoconsult.ro\/cursuri\/wp-json\/wp\/v2\/pages\/2053","targetHints":{"allow":["GET"]}}],"collection":[{"href":"https:\/\/mondoconsult.ro\/cursuri\/wp-json\/wp\/v2\/pages"}],"about":[{"href":"https:\/\/mondoconsult.ro\/cursuri\/wp-json\/wp\/v2\/types\/page"}],"author":[{"embeddable":true,"href":"https:\/\/mondoconsult.ro\/cursuri\/wp-json\/wp\/v2\/users\/2"}],"replies":[{"embeddable":true,"href":"https:\/\/mondoconsult.ro\/cursuri\/wp-json\/wp\/v2\/comments?post=2053"}],"version-history":[{"count":5,"href":"https:\/\/mondoconsult.ro\/cursuri\/wp-json\/wp\/v2\/pages\/2053\/revisions"}],"predecessor-version":[{"id":2496,"href":"https:\/\/mondoconsult.ro\/cursuri\/wp-json\/wp\/v2\/pages\/2053\/revisions\/2496"}],"wp:attachment":[{"href":"https:\/\/mondoconsult.ro\/cursuri\/wp-json\/wp\/v2\/media?parent=2053"}],"curies":[{"name":"wp","href":"https:\/\/api.w.org\/{rel}","templated":true}]}}