{"id":2125,"date":"2025-02-17T08:50:19","date_gmt":"2025-02-17T08:50:19","guid":{"rendered":"https:\/\/mondoconsult.ro\/cursuri\/?page_id=2125"},"modified":"2025-03-24T09:41:47","modified_gmt":"2025-03-24T09:41:47","slug":"313162-initiere-operator-introducere-validare-si-prelucrare-date","status":"publish","type":"page","link":"https:\/\/mondoconsult.ro\/cursuri\/313162-initiere-operator-introducere-validare-si-prelucrare-date\/","title":{"rendered":"PEO 313162 &#8211; Ini\u021biere operator introducere, validare \u0219i prelucrare date"},"content":{"rendered":"\n<div class=\"wp-block-columns is-layout-flex wp-container-core-columns-is-layout-9d6595d7 wp-block-columns-is-layout-flex\">\n<div class=\"wp-block-column is-layout-flow wp-block-column-is-layout-flow\">\n<figure class=\"wp-block-image size-full\"><a href=\"https:\/\/mondoconsult.ro\/cursuri\/wp-content\/uploads\/2025\/03\/cursgratuit-introduceredate-competentedigitale-1.webp\"><img loading=\"lazy\" decoding=\"async\" width=\"385\" height=\"641\" src=\"https:\/\/mondoconsult.ro\/cursuri\/wp-content\/uploads\/2025\/03\/cursgratuit-introduceredate-competentedigitale-1.webp\" alt=\"\" class=\"wp-image-2441\" srcset=\"https:\/\/mondoconsult.ro\/cursuri\/wp-content\/uploads\/2025\/03\/cursgratuit-introduceredate-competentedigitale-1.webp 385w, https:\/\/mondoconsult.ro\/cursuri\/wp-content\/uploads\/2025\/03\/cursgratuit-introduceredate-competentedigitale-1-180x300.webp 180w\" sizes=\"auto, (max-width: 385px) 100vw, 385px\" \/><\/a><\/figure>\n<\/div>\n\n\n\n<div class=\"wp-block-column is-layout-flow wp-block-column-is-layout-flow\">\n<p>MONDO CONSULT S.R.L. organizeaz\u0103&nbsp;curs&nbsp;de formare profesional\u0103 <strong>autorizat AJPIS Buz\u0103u,<\/strong>&nbsp;ini\u021biere,<strong> \u201eOperator introducere, validare \u0219i prelucrare date\u201d<\/strong>, oferit&nbsp;<strong>GRATUIT \u00een cadrul proiectului PEO 313162 PROFORMA!<\/strong><\/p>\n\n\n\n<p><strong>Competen\u021be dob\u00e2ndite:<\/strong><\/p>\n\n\n\n<ul class=\"wp-block-list\">\n<li>Organizarea activit\u0103\u021bii proprii;<\/li>\n\n\n\n<li>Aplicarea cuno\u0219tin\u021belor generale de comunicare;<\/li>\n\n\n\n<li>Lucrul \u00een echip\u0103;<\/li>\n\n\n\n<li>Aplicarea normelor de protec\u021bie \u0219i securitate a datelor cu caracter personal;<\/li>\n\n\n\n<li>Utilizarea dispozitivelor hardware \u0219i a aplica\u021biilor software specifice domeniului;<\/li>\n\n\n\n<li>Aplicarea politicilor de securitate informatic\u0103;<\/li>\n\n\n\n<li>Gestionarea suporturilor\/dispozitivelor de stocare a datelor\/documentelor;<\/li>\n\n\n\n<li>Utilizarea echipamentelor periferice;<\/li>\n\n\n\n<li>Introducerea \u0219i prelucrarea datelor;<\/li>\n\n\n\n<li>Implementarea tehnicilor de stocare a datelor \u0219i a proceselor privind calitatea datelor.<\/li>\n<\/ul>\n<\/div>\n<\/div>\n\n\n\n<p><strong>Durat\u0103 curs<\/strong>: 84 de ore.<\/p>\n\n\n\n<p><strong>Avantaje:<\/strong> <strong>ob\u021binere certificat autorizat<\/strong><\/p>\n\n\n\n<p>Acest curs contribuie la \u00eembun\u0103t\u0103\u021birea eficien\u021bei \u0219i preciziei proceselor, minimiz\u00e2nd erorile \u0219i economisind timp. Particip\u00e2nd la curs, se dob\u00e2ndesc abilit\u0103\u021bi esen\u021biale pentru utilizarea corect\u0103 a software-urilor de prelucrare a datelor, av\u00e2nd un impact pozitiv at\u00e2t asupra dezvolt\u0103rii profesionale, c\u00e2t \u0219i asupra performan\u021bei organiza\u021biei.<\/p>\n\n\n\n<p><strong>Responsabil formare P1<\/strong>: Butu Sebastian. <\/p>\n\n\n\n<p>Formularul de \u00eenscriere poate fi accesat <a href=\"https:\/\/docs.google.com\/forms\/d\/e\/1FAIpQLSc4taqpy1c3HrRMX0cmtK1gQaMHVDWgJsSz-dU1WHo6lKbC7w\/viewform?usp=header\" data-type=\"link\" data-id=\"https:\/\/docs.google.com\/forms\/d\/e\/1FAIpQLSc4taqpy1c3HrRMX0cmtK1gQaMHVDWgJsSz-dU1WHo6lKbC7w\/viewform?usp=header\">AICI<\/a>.<\/p>\n\n\n\n<p>Pentru informa\u021bii suplimentare, ne pute\u021bi contacta la num\u0103rul 0761 118 568 \/ 0766 521 355 sau prin&nbsp;<a href=\"https:\/\/mondoconsult.ro\/cursuri\/formular-de-contact\/\">formularul de contact<\/a>.<\/p>\n","protected":false},"excerpt":{"rendered":"<p>MONDO CONSULT S.R.L. organizeaz\u0103&nbsp;curs&nbsp;de formare profesional\u0103 autorizat AJPIS Buz\u0103u,&nbsp;ini\u021biere, \u201eOperator introducere, validare \u0219i prelucrare date\u201d, oferit&nbsp;GRATUIT \u00een cadrul proiectului PEO 313162 PROFORMA! Competen\u021be dob\u00e2ndite: Durat\u0103 curs: 84 de ore. Avantaje: ob\u021binere certificat autorizat Acest curs contribuie la \u00eembun\u0103t\u0103\u021birea eficien\u021bei \u0219i preciziei proceselor, minimiz\u00e2nd erorile \u0219i economisind timp. Particip\u00e2nd la curs, se dob\u00e2ndesc abilit\u0103\u021bi esen\u021biale pentru [&hellip;]<\/p>\n","protected":false},"author":2,"featured_media":0,"parent":0,"menu_order":0,"comment_status":"closed","ping_status":"closed","template":"","meta":{"footnotes":""},"class_list":["post-2125","page","type-page","status-publish","hentry"],"_links":{"self":[{"href":"https:\/\/mondoconsult.ro\/cursuri\/wp-json\/wp\/v2\/pages\/2125","targetHints":{"allow":["GET"]}}],"collection":[{"href":"https:\/\/mondoconsult.ro\/cursuri\/wp-json\/wp\/v2\/pages"}],"about":[{"href":"https:\/\/mondoconsult.ro\/cursuri\/wp-json\/wp\/v2\/types\/page"}],"author":[{"embeddable":true,"href":"https:\/\/mondoconsult.ro\/cursuri\/wp-json\/wp\/v2\/users\/2"}],"replies":[{"embeddable":true,"href":"https:\/\/mondoconsult.ro\/cursuri\/wp-json\/wp\/v2\/comments?post=2125"}],"version-history":[{"count":5,"href":"https:\/\/mondoconsult.ro\/cursuri\/wp-json\/wp\/v2\/pages\/2125\/revisions"}],"predecessor-version":[{"id":2442,"href":"https:\/\/mondoconsult.ro\/cursuri\/wp-json\/wp\/v2\/pages\/2125\/revisions\/2442"}],"wp:attachment":[{"href":"https:\/\/mondoconsult.ro\/cursuri\/wp-json\/wp\/v2\/media?parent=2125"}],"curies":[{"name":"wp","href":"https:\/\/api.w.org\/{rel}","templated":true}]}}