{"id":2130,"date":"2025-02-17T09:04:27","date_gmt":"2025-02-17T09:04:27","guid":{"rendered":"https:\/\/mondoconsult.ro\/cursuri\/?page_id=2130"},"modified":"2025-03-24T10:28:24","modified_gmt":"2025-03-24T10:28:24","slug":"cursuri-initiere-operator-introducere-validare-si-prelucrare-date","status":"publish","type":"page","link":"https:\/\/mondoconsult.ro\/cursuri\/cursuri-initiere-operator-introducere-validare-si-prelucrare-date\/","title":{"rendered":"Cursuri &#8211; Ini\u021biere operator introducere, validare \u0219i prelucrare date"},"content":{"rendered":"\n<div class=\"wp-block-columns is-layout-flex wp-container-core-columns-is-layout-9d6595d7 wp-block-columns-is-layout-flex\">\n<div class=\"wp-block-column is-layout-flow wp-block-column-is-layout-flow\">\n<figure class=\"wp-block-image size-full\"><a href=\"https:\/\/mondoconsult.ro\/cursuri\/wp-content\/uploads\/2025\/03\/cursintroduceredate-competentedigitale.webp\"><img loading=\"lazy\" decoding=\"async\" width=\"549\" height=\"674\" src=\"https:\/\/mondoconsult.ro\/cursuri\/wp-content\/uploads\/2025\/03\/cursintroduceredate-competentedigitale.webp\" alt=\"\" class=\"wp-image-2445\" srcset=\"https:\/\/mondoconsult.ro\/cursuri\/wp-content\/uploads\/2025\/03\/cursintroduceredate-competentedigitale.webp 549w, https:\/\/mondoconsult.ro\/cursuri\/wp-content\/uploads\/2025\/03\/cursintroduceredate-competentedigitale-244x300.webp 244w\" sizes=\"auto, (max-width: 549px) 100vw, 549px\" \/><\/a><\/figure>\n<\/div>\n\n\n\n<div class=\"wp-block-column is-layout-flow wp-block-column-is-layout-flow\">\n<p>MONDO CONSULT S.R.L. organizeaz\u0103&nbsp;curs&nbsp;de formare profesional\u0103 <strong>autorizat AJPIS Buz\u0103u, <\/strong>ini\u021biere, <strong>\u201eOperator introducere, validare \u0219i prelucrare date\u201d<\/strong>!<\/p>\n\n\n\n<p><strong>COMPETEN\u021aE DOB\u00c2NDITE:<\/strong><\/p>\n\n\n\n<ul class=\"wp-block-list\">\n<li>Aplicarea prevederilor legale referitoare la s\u0103n\u0103tatea \u0219i securitatea \u00een munc\u0103 \u0219i \u00een domeniul situa\u021biilor de urgen\u021b\u0103<\/li>\n\n\n\n<li>Aplicarea normelor de protec\u021bia mediului<\/li>\n\n\n\n<li>Aplicarea procedurilor de calitate<\/li>\n\n\n\n<li>Gestionarea suporturilor\/dispozitivelor de stocare a datelor\/documentelor<\/li>\n\n\n\n<li>Organizarea activit\u0103\u021bii proprii<\/li>\n\n\n\n<li>Utilizarea echipamentelor periferice<\/li>\n\n\n\n<li>Asigurarea securit\u0103\u021bii datelor\/documentelor<\/li>\n\n\n\n<li>Introducerea \u0219i validarea datelor<\/li>\n\n\n\n<li>Prelucrarea datelor<\/li>\n\n\n\n<li>Transpunerea datelor pe suport.<\/li>\n<\/ul>\n<\/div>\n<\/div>\n\n\n\n<p><strong>Mod de desf\u0103\u0219urare:<\/strong> online <\/p>\n\n\n\n<p><strong>Durat\u0103: <\/strong>84 de ore <\/p>\n\n\n\n<p><strong>Avantaje:<\/strong> <strong>ob\u021binere certificat autorizat<\/strong><\/p>\n\n\n\n<p>Acest curs sprijin\u0103 \u00eembun\u0103t\u0103\u021birea eficien\u021bei \u0219i preciziei proceselor, contribuind la reducerea erorilor \u0219i economisirea timpului, aspecte esen\u021biale \u00eentr-un mediu de lucru dinamic. Pe l\u00e2ng\u0103 dezvoltarea abilit\u0103\u021bilor necesare pentru utilizarea corect\u0103 a software-urilor de prelucrare a datelor, cursul ofer\u0103 o \u00een\u021belegere aprofundat\u0103 a celor mai bune practici, av\u00e2nd un impact semnificativ asupra dezvolt\u0103rii profesionale \u0219i optimiz\u0103rii performan\u021bei organiza\u021bionale pe termen lung.<\/p>\n\n\n\n<p><strong>Pre\u021b:<\/strong> 690 de lei <\/p>\n\n\n\n<p><strong>Documente necesare pentru \u00eenscriere:<\/strong><\/p>\n\n\n\n<ul class=\"wp-block-list\">\n<li>Copie carte de identitate<\/li>\n\n\n\n<li>Copie certificat de na\u0219tere<\/li>\n\n\n\n<li>Copie certificat de c\u0103s\u0103torie (\u00een cazul schimb\u0103rii numelui)<\/li>\n\n\n\n<li>Copie diplom\u0103 ultima \u0219coal\u0103 absolvit\u0103 (minim 10 clase). <\/li>\n<\/ul>\n\n\n\n<p>Formularul de \u00eenscriere poate fi accesat <a href=\"https:\/\/docs.google.com\/forms\/d\/e\/1FAIpQLSc4taqpy1c3HrRMX0cmtK1gQaMHVDWgJsSz-dU1WHo6lKbC7w\/viewform?usp=header\" data-type=\"link\" data-id=\"https:\/\/docs.google.com\/forms\/d\/e\/1FAIpQLSc4taqpy1c3HrRMX0cmtK1gQaMHVDWgJsSz-dU1WHo6lKbC7w\/viewform?usp=header\">AICI<\/a>.<\/p>\n\n\n\n<p>Pentru informa\u021bii suplimentare, ne pute\u021bi contacta la num\u0103rul 0761 118 568 \/ 0766 521 355 sau prin&nbsp;<a href=\"https:\/\/mondoconsult.ro\/cursuri\/formular-de-contact\/\">formularul de contact<\/a>.<\/p>\n","protected":false},"excerpt":{"rendered":"<p>MONDO CONSULT S.R.L. organizeaz\u0103&nbsp;curs&nbsp;de formare profesional\u0103 autorizat AJPIS Buz\u0103u, ini\u021biere, \u201eOperator introducere, validare \u0219i prelucrare date\u201d! COMPETEN\u021aE DOB\u00c2NDITE: Mod de desf\u0103\u0219urare: online Durat\u0103: 84 de ore Avantaje: ob\u021binere certificat autorizat Acest curs sprijin\u0103 \u00eembun\u0103t\u0103\u021birea eficien\u021bei \u0219i preciziei proceselor, contribuind la reducerea erorilor \u0219i economisirea timpului, aspecte esen\u021biale \u00eentr-un mediu de lucru dinamic. Pe l\u00e2ng\u0103 dezvoltarea [&hellip;]<\/p>\n","protected":false},"author":2,"featured_media":0,"parent":0,"menu_order":0,"comment_status":"closed","ping_status":"closed","template":"","meta":{"footnotes":""},"class_list":["post-2130","page","type-page","status-publish","hentry"],"_links":{"self":[{"href":"https:\/\/mondoconsult.ro\/cursuri\/wp-json\/wp\/v2\/pages\/2130","targetHints":{"allow":["GET"]}}],"collection":[{"href":"https:\/\/mondoconsult.ro\/cursuri\/wp-json\/wp\/v2\/pages"}],"about":[{"href":"https:\/\/mondoconsult.ro\/cursuri\/wp-json\/wp\/v2\/types\/page"}],"author":[{"embeddable":true,"href":"https:\/\/mondoconsult.ro\/cursuri\/wp-json\/wp\/v2\/users\/2"}],"replies":[{"embeddable":true,"href":"https:\/\/mondoconsult.ro\/cursuri\/wp-json\/wp\/v2\/comments?post=2130"}],"version-history":[{"count":5,"href":"https:\/\/mondoconsult.ro\/cursuri\/wp-json\/wp\/v2\/pages\/2130\/revisions"}],"predecessor-version":[{"id":2446,"href":"https:\/\/mondoconsult.ro\/cursuri\/wp-json\/wp\/v2\/pages\/2130\/revisions\/2446"}],"wp:attachment":[{"href":"https:\/\/mondoconsult.ro\/cursuri\/wp-json\/wp\/v2\/media?parent=2130"}],"curies":[{"name":"wp","href":"https:\/\/api.w.org\/{rel}","templated":true}]}}