{"id":2147,"date":"2025-02-17T10:42:29","date_gmt":"2025-02-17T10:42:29","guid":{"rendered":"https:\/\/mondoconsult.ro\/cursuri\/?page_id=2147"},"modified":"2025-03-24T10:43:08","modified_gmt":"2025-03-24T10:43:08","slug":"308718-curs-lucrator-comercial","status":"publish","type":"page","link":"https:\/\/mondoconsult.ro\/cursuri\/308718-curs-lucrator-comercial\/","title":{"rendered":"PEO 308718 &#8211; Lucr\u0103tor comercial"},"content":{"rendered":"\n<div class=\"wp-block-columns is-layout-flex wp-container-core-columns-is-layout-9d6595d7 wp-block-columns-is-layout-flex\">\n<div class=\"wp-block-column is-layout-flow wp-block-column-is-layout-flow\">\n<figure class=\"wp-block-image size-large\"><a href=\"https:\/\/mondoconsult.ro\/cursuri\/wp-content\/uploads\/2025\/03\/cursvanzator-cursgratuit-curslucratorcomercial.webp\"><img loading=\"lazy\" decoding=\"async\" width=\"884\" height=\"1024\" src=\"https:\/\/mondoconsult.ro\/cursuri\/wp-content\/uploads\/2025\/03\/cursvanzator-cursgratuit-curslucratorcomercial-884x1024.webp\" alt=\"\" class=\"wp-image-2450\" srcset=\"https:\/\/mondoconsult.ro\/cursuri\/wp-content\/uploads\/2025\/03\/cursvanzator-cursgratuit-curslucratorcomercial-884x1024.webp 884w, https:\/\/mondoconsult.ro\/cursuri\/wp-content\/uploads\/2025\/03\/cursvanzator-cursgratuit-curslucratorcomercial-259x300.webp 259w, https:\/\/mondoconsult.ro\/cursuri\/wp-content\/uploads\/2025\/03\/cursvanzator-cursgratuit-curslucratorcomercial-768x889.webp 768w, https:\/\/mondoconsult.ro\/cursuri\/wp-content\/uploads\/2025\/03\/cursvanzator-cursgratuit-curslucratorcomercial-1326x1536.webp 1326w, https:\/\/mondoconsult.ro\/cursuri\/wp-content\/uploads\/2025\/03\/cursvanzator-cursgratuit-curslucratorcomercial.webp 1435w\" sizes=\"auto, (max-width: 884px) 100vw, 884px\" \/><\/a><\/figure>\n<\/div>\n\n\n\n<div class=\"wp-block-column is-layout-flow wp-block-column-is-layout-flow\">\n<p>MONDO CONSULT S.R.L. organizeaz\u0103&nbsp;curs&nbsp;de formare profesional\u0103 calificare nivel 2&nbsp;<strong>autorizat AJPIS Buz\u0103u<\/strong><strong>&nbsp;\u201eLucr\u0103tor comercial\u201d<\/strong>, oferit&nbsp;<strong>GRATUIT \u00een cadrul proiectului PEO 308718 UPGRADEAZ\u0102-TE!<\/strong><\/p>\n\n\n\n<p><strong>Printre competen\u021bele dob\u00e2ndite:<\/strong><\/p>\n\n\n\n<ul class=\"wp-block-list\">\n<li>Men\u021binerea rela\u021biilor cu furnizorii<\/li>\n\n\n\n<li>Realizarea v\u00e2nz\u0103rilor<\/li>\n\n\n\n<li>Oferirea de asisten\u021b\u0103 clien\u021bilor<\/li>\n\n\n\n<li>Monitorizarea comenzilor<\/li>\n\n\n\n<li>Organizarea expunerii produselor<\/li>\n<\/ul>\n<\/div>\n<\/div>\n\n\n\n<p><strong>Durat\u0103: <\/strong>360 ore<\/p>\n\n\n\n<p><strong>Cursul se adresez\u0103:<\/strong> angaja\u021bilor \u00een mediul privat<\/p>\n\n\n\n<p><strong>Avantaje: ob\u021binere certificat autorizat<\/strong><\/p>\n\n\n\n<p>Pe l\u00e2ng\u0103 dob\u00e2ndirea cuno\u0219tin\u021belor \u0219i abilit\u0103\u021bilor necesare pentru gestionarea rela\u021biilor cu clien\u021bii \u0219i a stocurilor, certificarea oficial\u0103 ob\u021binut\u0103 \u00een urma absolvirii cursului repretint\u0103 un avantaj pe pia\u021ba muncii, ad\u0103ug\u00e2nd valoare CV-ului \u0219i cresc\u00e2nd \u0219ansele de angajare.<\/p>\n\n\n\n<p><strong>Expert formare profesional\u0103 reg. S-E:&nbsp;<\/strong>Merode Liliana<\/p>\n\n\n\n<p>Formularul de \u00eenscriere poate fi accesat <a href=\"https:\/\/docs.google.com\/forms\/d\/e\/1FAIpQLSc4taqpy1c3HrRMX0cmtK1gQaMHVDWgJsSz-dU1WHo6lKbC7w\/viewform?usp=header\" data-type=\"link\" data-id=\"https:\/\/docs.google.com\/forms\/d\/e\/1FAIpQLSc4taqpy1c3HrRMX0cmtK1gQaMHVDWgJsSz-dU1WHo6lKbC7w\/viewform?usp=header\">AICI<\/a>.<\/p>\n\n\n\n<p>Pentru informa\u021bii suplimentare, ne pute\u021bi contacta la num\u0103rul 0761 118 568 \/ 0766 521 355 sau prin&nbsp;<a href=\"https:\/\/mondoconsult.ro\/cursuri\/formular-de-contact\/\">formularul de contact<\/a>.<\/p>\n","protected":false},"excerpt":{"rendered":"<p>MONDO CONSULT S.R.L. organizeaz\u0103&nbsp;curs&nbsp;de formare profesional\u0103 calificare nivel 2&nbsp;autorizat AJPIS Buz\u0103u&nbsp;\u201eLucr\u0103tor comercial\u201d, oferit&nbsp;GRATUIT \u00een cadrul proiectului PEO 308718 UPGRADEAZ\u0102-TE! Printre competen\u021bele dob\u00e2ndite: Durat\u0103: 360 ore Cursul se adresez\u0103: angaja\u021bilor \u00een mediul privat Avantaje: ob\u021binere certificat autorizat Pe l\u00e2ng\u0103 dob\u00e2ndirea cuno\u0219tin\u021belor \u0219i abilit\u0103\u021bilor necesare pentru gestionarea rela\u021biilor cu clien\u021bii \u0219i a stocurilor, certificarea oficial\u0103 ob\u021binut\u0103 \u00een [&hellip;]<\/p>\n","protected":false},"author":2,"featured_media":0,"parent":0,"menu_order":0,"comment_status":"closed","ping_status":"closed","template":"","meta":{"footnotes":""},"class_list":["post-2147","page","type-page","status-publish","hentry"],"_links":{"self":[{"href":"https:\/\/mondoconsult.ro\/cursuri\/wp-json\/wp\/v2\/pages\/2147","targetHints":{"allow":["GET"]}}],"collection":[{"href":"https:\/\/mondoconsult.ro\/cursuri\/wp-json\/wp\/v2\/pages"}],"about":[{"href":"https:\/\/mondoconsult.ro\/cursuri\/wp-json\/wp\/v2\/types\/page"}],"author":[{"embeddable":true,"href":"https:\/\/mondoconsult.ro\/cursuri\/wp-json\/wp\/v2\/users\/2"}],"replies":[{"embeddable":true,"href":"https:\/\/mondoconsult.ro\/cursuri\/wp-json\/wp\/v2\/comments?post=2147"}],"version-history":[{"count":5,"href":"https:\/\/mondoconsult.ro\/cursuri\/wp-json\/wp\/v2\/pages\/2147\/revisions"}],"predecessor-version":[{"id":2452,"href":"https:\/\/mondoconsult.ro\/cursuri\/wp-json\/wp\/v2\/pages\/2147\/revisions\/2452"}],"wp:attachment":[{"href":"https:\/\/mondoconsult.ro\/cursuri\/wp-json\/wp\/v2\/media?parent=2147"}],"curies":[{"name":"wp","href":"https:\/\/api.w.org\/{rel}","templated":true}]}}