{"id":2153,"date":"2025-02-18T10:15:49","date_gmt":"2025-02-18T10:15:49","guid":{"rendered":"https:\/\/mondoconsult.ro\/cursuri\/?page_id=2153"},"modified":"2025-03-24T10:41:23","modified_gmt":"2025-03-24T10:41:23","slug":"313162-curs-lucrator-comercial","status":"publish","type":"page","link":"https:\/\/mondoconsult.ro\/cursuri\/313162-curs-lucrator-comercial\/","title":{"rendered":"PEO 313162 &#8211; Lucr\u0103tor comercial"},"content":{"rendered":"\n<div class=\"wp-block-columns is-layout-flex wp-container-core-columns-is-layout-9d6595d7 wp-block-columns-is-layout-flex\">\n<div class=\"wp-block-column is-layout-flow wp-block-column-is-layout-flow\">\n<p>MONDO CONSULT S.R.L. organizeaz\u0103&nbsp;curs&nbsp;de formare profesional\u0103 calificare nivel 2&nbsp;<strong>autorizat AJPIS Buz\u0103u&nbsp;\u201eLucr\u0103tor comercial\u201d<\/strong>, oferit&nbsp;<strong>GRATUIT \u00een cadrul proiectului PEO 313162<\/strong> <strong>PROFORMA!<\/strong><\/p>\n\n\n\n<p><strong>Printre competen\u021bele dob\u00e2ndite:<\/strong><\/p>\n\n\n\n<ul class=\"wp-block-list\">\n<li>Men\u021binerea rela\u021biilor cu furnizorii<\/li>\n\n\n\n<li>Realizarea v\u00e2nz\u0103rilor<\/li>\n\n\n\n<li>Oferirea de asisten\u021b\u0103 clien\u021bilor<\/li>\n\n\n\n<li>Monitorizarea comenzilor<\/li>\n\n\n\n<li>Organizarea expunerii produselor<\/li>\n<\/ul>\n<\/div>\n\n\n\n<div class=\"wp-block-column is-layout-flow wp-block-column-is-layout-flow\">\n<figure class=\"wp-block-image size-large\"><a href=\"https:\/\/mondoconsult.ro\/cursuri\/wp-content\/uploads\/2025\/03\/cursgratuit-curslucratorcomercial-cursvanzator.webp\"><img loading=\"lazy\" decoding=\"async\" width=\"1024\" height=\"866\" src=\"https:\/\/mondoconsult.ro\/cursuri\/wp-content\/uploads\/2025\/03\/cursgratuit-curslucratorcomercial-cursvanzator-1024x866.webp\" alt=\"\" class=\"wp-image-2448\" srcset=\"https:\/\/mondoconsult.ro\/cursuri\/wp-content\/uploads\/2025\/03\/cursgratuit-curslucratorcomercial-cursvanzator-1024x866.webp 1024w, https:\/\/mondoconsult.ro\/cursuri\/wp-content\/uploads\/2025\/03\/cursgratuit-curslucratorcomercial-cursvanzator-300x254.webp 300w, https:\/\/mondoconsult.ro\/cursuri\/wp-content\/uploads\/2025\/03\/cursgratuit-curslucratorcomercial-cursvanzator-768x650.webp 768w, https:\/\/mondoconsult.ro\/cursuri\/wp-content\/uploads\/2025\/03\/cursgratuit-curslucratorcomercial-cursvanzator-1536x1299.webp 1536w, https:\/\/mondoconsult.ro\/cursuri\/wp-content\/uploads\/2025\/03\/cursgratuit-curslucratorcomercial-cursvanzator.webp 1679w\" sizes=\"auto, (max-width: 1024px) 100vw, 1024px\" \/><\/a><\/figure>\n<\/div>\n<\/div>\n\n\n\n<p><strong>Durat\u0103:&nbsp;<\/strong>360 ore<\/p>\n\n\n\n<p><strong>Cursul se adresez\u0103:<\/strong>&nbsp;angaja\u021bilor \u00een mediul privat<\/p>\n\n\n\n<p><strong>Avantaje: ob\u021binere certificat autorizat<\/strong><\/p>\n\n\n\n<p>Cursul ajut\u0103 la dezvoltarea abilit\u0103\u021bilor \u00een ceea ce prive\u0219te gestionarea stocurilor \u0219i rela\u021bia cu clien\u021bii, esen\u021biale pentru lucrul eficient \u00een domeniul comer\u021bului. Pe l\u00e2ng\u0103 cuno\u0219tin\u021bele dob\u00e2ndite, ob\u021binerea unui certificat oficial reprezint\u0103 un avantaj pe pia\u021ba muncii, contribuind la cre\u0219terea \u0219anselor de angajare.<\/p>\n\n\n\n<p><strong>Responsabil formare P1:<\/strong> Butu Sebastian<\/p>\n\n\n\n<p>Formularul de \u00eenscriere poate fi accesat <a href=\"https:\/\/docs.google.com\/forms\/d\/e\/1FAIpQLSc4taqpy1c3HrRMX0cmtK1gQaMHVDWgJsSz-dU1WHo6lKbC7w\/viewform?usp=header\" data-type=\"link\" data-id=\"https:\/\/docs.google.com\/forms\/d\/e\/1FAIpQLSc4taqpy1c3HrRMX0cmtK1gQaMHVDWgJsSz-dU1WHo6lKbC7w\/viewform?usp=header\">AICI<\/a>.<\/p>\n\n\n\n<p>Pentru informa\u021bii suplimentare, ne pute\u021bi contacta la num\u0103rul 0761 118 568 \/ 0766 521 355 sau prin&nbsp;<a href=\"https:\/\/mondoconsult.ro\/cursuri\/formular-de-contact\/\">formularul de contact<\/a>.<\/p>\n","protected":false},"excerpt":{"rendered":"<p>MONDO CONSULT S.R.L. organizeaz\u0103&nbsp;curs&nbsp;de formare profesional\u0103 calificare nivel 2&nbsp;autorizat AJPIS Buz\u0103u&nbsp;\u201eLucr\u0103tor comercial\u201d, oferit&nbsp;GRATUIT \u00een cadrul proiectului PEO 313162 PROFORMA! Printre competen\u021bele dob\u00e2ndite: Durat\u0103:&nbsp;360 ore Cursul se adresez\u0103:&nbsp;angaja\u021bilor \u00een mediul privat Avantaje: ob\u021binere certificat autorizat Cursul ajut\u0103 la dezvoltarea abilit\u0103\u021bilor \u00een ceea ce prive\u0219te gestionarea stocurilor \u0219i rela\u021bia cu clien\u021bii, esen\u021biale pentru lucrul eficient \u00een domeniul [&hellip;]<\/p>\n","protected":false},"author":2,"featured_media":0,"parent":0,"menu_order":0,"comment_status":"closed","ping_status":"closed","template":"","meta":{"footnotes":""},"class_list":["post-2153","page","type-page","status-publish","hentry"],"_links":{"self":[{"href":"https:\/\/mondoconsult.ro\/cursuri\/wp-json\/wp\/v2\/pages\/2153","targetHints":{"allow":["GET"]}}],"collection":[{"href":"https:\/\/mondoconsult.ro\/cursuri\/wp-json\/wp\/v2\/pages"}],"about":[{"href":"https:\/\/mondoconsult.ro\/cursuri\/wp-json\/wp\/v2\/types\/page"}],"author":[{"embeddable":true,"href":"https:\/\/mondoconsult.ro\/cursuri\/wp-json\/wp\/v2\/users\/2"}],"replies":[{"embeddable":true,"href":"https:\/\/mondoconsult.ro\/cursuri\/wp-json\/wp\/v2\/comments?post=2153"}],"version-history":[{"count":5,"href":"https:\/\/mondoconsult.ro\/cursuri\/wp-json\/wp\/v2\/pages\/2153\/revisions"}],"predecessor-version":[{"id":2449,"href":"https:\/\/mondoconsult.ro\/cursuri\/wp-json\/wp\/v2\/pages\/2153\/revisions\/2449"}],"wp:attachment":[{"href":"https:\/\/mondoconsult.ro\/cursuri\/wp-json\/wp\/v2\/media?parent=2153"}],"curies":[{"name":"wp","href":"https:\/\/api.w.org\/{rel}","templated":true}]}}