{"id":2159,"date":"2025-02-20T07:45:58","date_gmt":"2025-02-20T07:45:58","guid":{"rendered":"https:\/\/mondoconsult.ro\/cursuri\/?page_id=2159"},"modified":"2025-03-03T09:47:58","modified_gmt":"2025-03-03T09:47:58","slug":"cursuri-lucrator-comercial","status":"publish","type":"page","link":"https:\/\/mondoconsult.ro\/cursuri\/cursuri-lucrator-comercial\/","title":{"rendered":"Cursuri &#8211; Lucr\u0103tor comercial"},"content":{"rendered":"\n<div class=\"wp-block-columns is-layout-flex wp-container-core-columns-is-layout-9d6595d7 wp-block-columns-is-layout-flex\">\n<div class=\"wp-block-column is-layout-flow wp-block-column-is-layout-flow\">\n<p>MONDO CONSULT S.R.L. organizeaz\u0103&nbsp;curs&nbsp;de formare profesional\u0103 calificare nivel 2&nbsp;<strong>autorizat AJPIS Buz\u0103u&nbsp;\u201eLucr\u0103tor comercial\u201d!<\/strong><\/p>\n\n\n\n<p><strong>Competen\u021be dob\u00e2ndite:<\/strong><\/p>\n\n\n\n<ol class=\"wp-block-list\">\n<li>Aplicarea legisla\u021biei \u00een vigoare privind s\u0103n\u0103tatea \u0219i securitatea \u00een munc\u0103, ap\u0103rarea<br>\u00eempotriva incendiilor \u0219i pentru situa\u021bii de urgen\u021b\u0103<\/li>\n\n\n\n<li>Aplicarea cerin\u021belor legale specifice profesiei<\/li>\n\n\n\n<li>Oferirea de asisten\u021b\u0103 clien\u021bilor cu privire la selectarea produselor, caracteristicile \u0219i<br>func\u021bionarea acestora<\/li>\n\n\n\n<li>Identificarea \u015fi men\u021binerea rela\u021biei cu clien\u021bii<\/li>\n\n\n\n<li>Realizarea v\u00e2nz\u0103rilor<\/li>\n\n\n\n<li>Asigurarea de servicii de post-v\u00e2nzare<\/li>\n\n\n\n<li>Monitorizarea comenzilor \u0219i a cantit\u0103\u021bii stocurilor<\/li>\n\n\n\n<li>Organizarea expunerii produselor<\/li>\n\n\n\n<li>\u00centocmirea documentelor de eviden\u021b\u0103 a achizi\u021biilor \u0219i v\u00e2nz\u0103rilor<\/li>\n\n\n\n<li>Men\u021binerea rela\u021biilor cu furnizorii<\/li>\n<\/ol>\n<\/div>\n\n\n\n<div class=\"wp-block-column is-layout-flow wp-block-column-is-layout-flow\">\n<figure class=\"wp-block-image size-large\"><a href=\"https:\/\/mondoconsult.ro\/cursuri\/wp-content\/uploads\/2025\/02\/postare-lucrator-comercial-20.02.png\"><img loading=\"lazy\" decoding=\"async\" width=\"576\" height=\"1024\" src=\"https:\/\/mondoconsult.ro\/cursuri\/wp-content\/uploads\/2025\/02\/postare-lucrator-comercial-20.02-576x1024.png\" alt=\"\" class=\"wp-image-2160\" srcset=\"https:\/\/mondoconsult.ro\/cursuri\/wp-content\/uploads\/2025\/02\/postare-lucrator-comercial-20.02-576x1024.png 576w, https:\/\/mondoconsult.ro\/cursuri\/wp-content\/uploads\/2025\/02\/postare-lucrator-comercial-20.02-169x300.png 169w, https:\/\/mondoconsult.ro\/cursuri\/wp-content\/uploads\/2025\/02\/postare-lucrator-comercial-20.02-768x1365.png 768w, https:\/\/mondoconsult.ro\/cursuri\/wp-content\/uploads\/2025\/02\/postare-lucrator-comercial-20.02-864x1536.png 864w, https:\/\/mondoconsult.ro\/cursuri\/wp-content\/uploads\/2025\/02\/postare-lucrator-comercial-20.02.png 1080w\" sizes=\"auto, (max-width: 576px) 100vw, 576px\" \/><\/a><\/figure>\n<\/div>\n<\/div>\n\n\n\n<p><strong>Durat\u0103:&nbsp;<\/strong>360 ore<\/p>\n\n\n\n<p><strong>Cursul se adresez\u0103:<\/strong>&nbsp;absolven\u021bilor de minim 10 clase<\/p>\n\n\n\n<p><strong>Avantaje: ob\u021binere certificat autorizat<\/strong><\/p>\n\n\n\n<p>Cursul \u00ee\u021bi va dezvolta cuno\u0219tin\u021bele \u0219i abilit\u0103\u021bile esen\u021biale pentru a lucra eficient \u00een domeniul comer\u021bului, consolid\u00e2ndu-\u021bi competen\u021bele \u00een v\u00e2nz\u0103ri, gestionarea stocurilor \u0219i interac\u021biunea cu clien\u021bii. De asemenea, vei \u00eenv\u0103\u021ba s\u0103 gestionezi situa\u021bii diverse \u0219i s\u0103 \u00ee\u021bi optimizezi strategiile pentru a \u00eembun\u0103t\u0103\u021bi performan\u021ba general\u0103 a afacerii. Ob\u021binerea unei certific\u0103ri oficiale poate cre\u0219te considerabil \u0219ansele tale de angajare \u0219i va ad\u0103uga un plus de valoare CV-ului t\u0103u, oferindu-\u021bi astfel un avantaj competitiv semnificativ pe pia\u021ba muncii. Aceast\u0103 certificare te va diferen\u021bia de al\u021bi candida\u021bi \u0219i \u00ee\u021bi va deschide noi oportunit\u0103\u021bi profesionale.<\/p>\n\n\n\n<p><strong>Pre\u021b:<\/strong>&nbsp;790 de lei<\/p>\n\n\n\n<p><strong>Documente necesare pentru \u00eenscriere:<\/strong><\/p>\n\n\n\n<ul class=\"wp-block-list\">\n<li>Copie carte de identitate<\/li>\n\n\n\n<li>Copie certificat de na\u0219tere<\/li>\n\n\n\n<li>Copie certificat de c\u0103s\u0103torie (\u00een cazul schimb\u0103rii numelui)<\/li>\n\n\n\n<li>Copie diplom\u0103 ultima \u0219coal\u0103 absolvit\u0103 (minim 10 clase).<\/li>\n\n\n\n<li>Adeverin\u021b\u0103 medic de familie: apt pentru practicarea ocupa\u021biei de lucr\u0103tor comercial<\/li>\n<\/ul>\n\n\n\n<p>Formularul de \u00eenscriere poate fi accesat <a href=\"https:\/\/docs.google.com\/forms\/d\/e\/1FAIpQLSc4taqpy1c3HrRMX0cmtK1gQaMHVDWgJsSz-dU1WHo6lKbC7w\/viewform?usp=header\" data-type=\"link\" data-id=\"https:\/\/docs.google.com\/forms\/d\/e\/1FAIpQLSc4taqpy1c3HrRMX0cmtK1gQaMHVDWgJsSz-dU1WHo6lKbC7w\/viewform?usp=header\">AICI<\/a>.<\/p>\n\n\n\n<p>Pentru informa\u021bii suplimentare, ne pute\u021bi contacta la num\u0103rul 0761 118 568 \/ 0766 521 355 sau prin\u00a0<a href=\"https:\/\/mondoconsult.ro\/cursuri\/formular-de-contact\/\">formularul de contact<\/a>.<\/p>\n","protected":false},"excerpt":{"rendered":"<p>MONDO CONSULT S.R.L. organizeaz\u0103&nbsp;curs&nbsp;de formare profesional\u0103 calificare nivel 2&nbsp;autorizat AJPIS Buz\u0103u&nbsp;\u201eLucr\u0103tor comercial\u201d! Competen\u021be dob\u00e2ndite: Durat\u0103:&nbsp;360 ore Cursul se adresez\u0103:&nbsp;absolven\u021bilor de minim 10 clase Avantaje: ob\u021binere certificat autorizat Cursul \u00ee\u021bi va dezvolta cuno\u0219tin\u021bele \u0219i abilit\u0103\u021bile esen\u021biale pentru a lucra eficient \u00een domeniul comer\u021bului, consolid\u00e2ndu-\u021bi competen\u021bele \u00een v\u00e2nz\u0103ri, gestionarea stocurilor \u0219i interac\u021biunea cu clien\u021bii. De asemenea, vei [&hellip;]<\/p>\n","protected":false},"author":2,"featured_media":0,"parent":0,"menu_order":0,"comment_status":"closed","ping_status":"closed","template":"","meta":{"footnotes":""},"class_list":["post-2159","page","type-page","status-publish","hentry"],"_links":{"self":[{"href":"https:\/\/mondoconsult.ro\/cursuri\/wp-json\/wp\/v2\/pages\/2159","targetHints":{"allow":["GET"]}}],"collection":[{"href":"https:\/\/mondoconsult.ro\/cursuri\/wp-json\/wp\/v2\/pages"}],"about":[{"href":"https:\/\/mondoconsult.ro\/cursuri\/wp-json\/wp\/v2\/types\/page"}],"author":[{"embeddable":true,"href":"https:\/\/mondoconsult.ro\/cursuri\/wp-json\/wp\/v2\/users\/2"}],"replies":[{"embeddable":true,"href":"https:\/\/mondoconsult.ro\/cursuri\/wp-json\/wp\/v2\/comments?post=2159"}],"version-history":[{"count":5,"href":"https:\/\/mondoconsult.ro\/cursuri\/wp-json\/wp\/v2\/pages\/2159\/revisions"}],"predecessor-version":[{"id":2297,"href":"https:\/\/mondoconsult.ro\/cursuri\/wp-json\/wp\/v2\/pages\/2159\/revisions\/2297"}],"wp:attachment":[{"href":"https:\/\/mondoconsult.ro\/cursuri\/wp-json\/wp\/v2\/media?parent=2159"}],"curies":[{"name":"wp","href":"https:\/\/api.w.org\/{rel}","templated":true}]}}