{"id":2165,"date":"2025-02-26T08:20:58","date_gmt":"2025-02-26T08:20:58","guid":{"rendered":"https:\/\/mondoconsult.ro\/cursuri\/?page_id=2165"},"modified":"2025-03-24T08:06:29","modified_gmt":"2025-03-24T08:06:29","slug":"peo-308718-igiena-alimentara","status":"publish","type":"page","link":"https:\/\/mondoconsult.ro\/cursuri\/peo-308718-igiena-alimentara\/","title":{"rendered":"PEO 308718 &#8211; Igien\u0103 alimentar\u0103"},"content":{"rendered":"\n<div class=\"wp-block-columns is-layout-flex wp-container-core-columns-is-layout-9d6595d7 wp-block-columns-is-layout-flex\">\n<div class=\"wp-block-column is-layout-flow wp-block-column-is-layout-flow\">\n<figure class=\"wp-block-image size-full\"><a href=\"https:\/\/mondoconsult.ro\/cursuri\/wp-content\/uploads\/2025\/03\/cursgratuit-cursigiena.webp\"><img loading=\"lazy\" decoding=\"async\" width=\"390\" height=\"642\" src=\"https:\/\/mondoconsult.ro\/cursuri\/wp-content\/uploads\/2025\/03\/cursgratuit-cursigiena.webp\" alt=\"\" class=\"wp-image-2407\" srcset=\"https:\/\/mondoconsult.ro\/cursuri\/wp-content\/uploads\/2025\/03\/cursgratuit-cursigiena.webp 390w, https:\/\/mondoconsult.ro\/cursuri\/wp-content\/uploads\/2025\/03\/cursgratuit-cursigiena-182x300.webp 182w\" sizes=\"auto, (max-width: 390px) 100vw, 390px\" \/><\/a><\/figure>\n<\/div>\n\n\n\n<div class=\"wp-block-column is-layout-flow wp-block-column-is-layout-flow\">\n<p>MONDO CONSULT S.R.L. organizeaz\u0103&nbsp;curs&nbsp;de formare profesional\u0103 pe tema<strong>&nbsp;\u201eIgien\u0103 alimentar\u0103\u201d<\/strong>, desf\u0103\u0219urat cu <strong>aviz de fuc\u021bionare emis de Ministerul S\u0103n\u0103t\u0103\u021bii \u0219i Ministerul Educa\u021biei,<\/strong> oferit&nbsp;<strong>GRATUIT \u00een cadrul proiectului PEO 308718 UPGRADEAZ\u0102-TE!<\/strong><\/p>\n\n\n\n<p><strong>Curs adresat:<\/strong> salaria\u021bilor din unit\u0103\u021bile care presteaz\u0103 servicii de produc\u021bie, depozitare, transport \u0219i comercializare a alimentelor<\/p>\n\n\n\n<p><strong>Avantaje:<\/strong> <\/p>\n\n\n\n<ul class=\"wp-block-list\">\n<li><strong>ob\u021binerea unui aviz de la Ministerul S\u0103n\u0103t\u0103\u021bii<\/strong><\/li>\n\n\n\n<li>cursan\u021bii ob\u021bin informa\u021bii esen\u021biale pentru respectarea normelor reglement\u0103rilor legale de s\u0103n\u0103tate public\u0103, cresc\u00e2nd astfel eficien\u021ba opera\u021biunilor \u0219i \u00eencrederea clien\u021bilor<\/li>\n\n\n\n<li>protejarea reputa\u021biei unit\u0103\u021bii comerciale prin prevenirea consecin\u021belor legate de manipularea incorect\u0103 a alimentelor<\/li>\n<\/ul>\n<\/div>\n<\/div>\n\n\n\n<p><strong>Mod de desf\u0103\u0219urare:<\/strong> ONLINE<\/p>\n\n\n\n<p>Fiecare persoan\u0103 poate beneficia de gratuitate pentru unul dintre urm\u0103toarele module:<\/p>\n\n\n\n<figure class=\"wp-block-table\"><table class=\"has-fixed-layout\"><tbody><tr><td><strong>Denumire modul<\/strong><\/td><td class=\"has-text-align-center\" data-align=\"center\"><strong>Nr. ore<\/strong><\/td><\/tr><tr><td><strong>Modulul 1<\/strong> &#8211; Instruirea managerilor, directorilor pentru asigurarea calit\u0103\u021bii, \u0219efilor de sec\u021bie, de produc\u021bie, etc., din unit\u0103\u021bile cu profil alimentar \u0219i din unit\u0103\u021bile de alimenta\u021bie public\u0103 \u0219i colectiv\u0103<\/td><td class=\"has-text-align-center\" data-align=\"center\">12<\/td><\/tr><tr><td><strong>Modulul 2<\/strong> &#8211; Instruirea operatorilor din industria alimentar\u0103 \u0219i din unit\u0103\u021bile de alimenta\u021bie public\u0103 \u0219i a v\u00e2nz\u0103torilor din unit\u0103\u021bile cu profil alimentar.<\/td><td class=\"has-text-align-center\" data-align=\"center\">10<\/td><\/tr><tr><td><strong>Modulul 3<\/strong> &#8211; Instruirea personalului de \u00eengrijire din sectorul alimentar \u0219i din unit\u0103\u021bile de alimenta\u021bie public\u0103 \u0219i colectiv\u0103<\/td><td class=\"has-text-align-center\" data-align=\"center\">8<\/td><\/tr><\/tbody><\/table><\/figure>\n\n\n\n<p><strong>Expert formare profesional\u0103 reg. S-E:&nbsp;<\/strong>Merode Liliana<\/p>\n\n\n\n<p>Formularul de \u00eenscriere poate fi accesat <a href=\"https:\/\/docs.google.com\/forms\/d\/e\/1FAIpQLSc4taqpy1c3HrRMX0cmtK1gQaMHVDWgJsSz-dU1WHo6lKbC7w\/viewform?usp=header\" data-type=\"link\" data-id=\"https:\/\/docs.google.com\/forms\/d\/e\/1FAIpQLSc4taqpy1c3HrRMX0cmtK1gQaMHVDWgJsSz-dU1WHo6lKbC7w\/viewform?usp=header\">AICI<\/a>.<\/p>\n\n\n\n<p>Pentru informa\u021bii suplimentare, ne pute\u021bi contacta la num\u0103rul 0761 118 568 \/ 0766 521 355 sau prin&nbsp;<a href=\"https:\/\/mondoconsult.ro\/cursuri\/formular-de-contact\/\">formularul de contact<\/a>.<\/p>\n","protected":false},"excerpt":{"rendered":"<p>MONDO CONSULT S.R.L. organizeaz\u0103&nbsp;curs&nbsp;de formare profesional\u0103 pe tema&nbsp;\u201eIgien\u0103 alimentar\u0103\u201d, desf\u0103\u0219urat cu aviz de fuc\u021bionare emis de Ministerul S\u0103n\u0103t\u0103\u021bii \u0219i Ministerul Educa\u021biei, oferit&nbsp;GRATUIT \u00een cadrul proiectului PEO 308718 UPGRADEAZ\u0102-TE! Curs adresat: salaria\u021bilor din unit\u0103\u021bile care presteaz\u0103 servicii de produc\u021bie, depozitare, transport \u0219i comercializare a alimentelor Avantaje: Mod de desf\u0103\u0219urare: ONLINE Fiecare persoan\u0103 poate beneficia de gratuitate [&hellip;]<\/p>\n","protected":false},"author":2,"featured_media":0,"parent":0,"menu_order":0,"comment_status":"closed","ping_status":"closed","template":"","meta":{"footnotes":""},"class_list":["post-2165","page","type-page","status-publish","hentry"],"_links":{"self":[{"href":"https:\/\/mondoconsult.ro\/cursuri\/wp-json\/wp\/v2\/pages\/2165","targetHints":{"allow":["GET"]}}],"collection":[{"href":"https:\/\/mondoconsult.ro\/cursuri\/wp-json\/wp\/v2\/pages"}],"about":[{"href":"https:\/\/mondoconsult.ro\/cursuri\/wp-json\/wp\/v2\/types\/page"}],"author":[{"embeddable":true,"href":"https:\/\/mondoconsult.ro\/cursuri\/wp-json\/wp\/v2\/users\/2"}],"replies":[{"embeddable":true,"href":"https:\/\/mondoconsult.ro\/cursuri\/wp-json\/wp\/v2\/comments?post=2165"}],"version-history":[{"count":5,"href":"https:\/\/mondoconsult.ro\/cursuri\/wp-json\/wp\/v2\/pages\/2165\/revisions"}],"predecessor-version":[{"id":2408,"href":"https:\/\/mondoconsult.ro\/cursuri\/wp-json\/wp\/v2\/pages\/2165\/revisions\/2408"}],"wp:attachment":[{"href":"https:\/\/mondoconsult.ro\/cursuri\/wp-json\/wp\/v2\/media?parent=2165"}],"curies":[{"name":"wp","href":"https:\/\/api.w.org\/{rel}","templated":true}]}}