{"id":2186,"date":"2025-02-26T07:46:13","date_gmt":"2025-02-26T07:46:13","guid":{"rendered":"https:\/\/mondoconsult.ro\/cursuri\/?page_id=2186"},"modified":"2025-03-03T09:48:13","modified_gmt":"2025-03-03T09:48:13","slug":"cursuri-bucatar","status":"publish","type":"page","link":"https:\/\/mondoconsult.ro\/cursuri\/cursuri-bucatar\/","title":{"rendered":"Cursuri &#8211; Buc\u0103tar"},"content":{"rendered":"\n<div class=\"wp-block-columns is-layout-flex wp-container-core-columns-is-layout-9d6595d7 wp-block-columns-is-layout-flex\">\n<div class=\"wp-block-column is-layout-flow wp-block-column-is-layout-flow\">\n<figure class=\"wp-block-image size-large\"><a href=\"https:\/\/mondoconsult.ro\/cursuri\/wp-content\/uploads\/2025\/02\/Copie-a-White-Elegant-Healthy-Brussel-Sprout-Salad-Recipe-Document-.png\"><img loading=\"lazy\" decoding=\"async\" width=\"724\" height=\"1024\" src=\"https:\/\/mondoconsult.ro\/cursuri\/wp-content\/uploads\/2025\/02\/Copie-a-White-Elegant-Healthy-Brussel-Sprout-Salad-Recipe-Document--724x1024.png\" alt=\"\" class=\"wp-image-2187\" srcset=\"https:\/\/mondoconsult.ro\/cursuri\/wp-content\/uploads\/2025\/02\/Copie-a-White-Elegant-Healthy-Brussel-Sprout-Salad-Recipe-Document--724x1024.png 724w, https:\/\/mondoconsult.ro\/cursuri\/wp-content\/uploads\/2025\/02\/Copie-a-White-Elegant-Healthy-Brussel-Sprout-Salad-Recipe-Document--212x300.png 212w, https:\/\/mondoconsult.ro\/cursuri\/wp-content\/uploads\/2025\/02\/Copie-a-White-Elegant-Healthy-Brussel-Sprout-Salad-Recipe-Document--768x1086.png 768w, https:\/\/mondoconsult.ro\/cursuri\/wp-content\/uploads\/2025\/02\/Copie-a-White-Elegant-Healthy-Brussel-Sprout-Salad-Recipe-Document--1086x1536.png 1086w, https:\/\/mondoconsult.ro\/cursuri\/wp-content\/uploads\/2025\/02\/Copie-a-White-Elegant-Healthy-Brussel-Sprout-Salad-Recipe-Document-.png 1414w\" sizes=\"auto, (max-width: 724px) 100vw, 724px\" \/><\/a><\/figure>\n<\/div>\n\n\n\n<div class=\"wp-block-column is-layout-flow wp-block-column-is-layout-flow\">\n<p>MONDO CONSULT S.R.L. organizeaz\u0103&nbsp;curs de formare profesional\u0103&nbsp;<strong>\u201eBuc\u0103tar\u201d<\/strong>, <strong>autorizat&nbsp;<\/strong>de Ministerului Muncii, Familiei, Tineretului \u0219i Solidarit\u0103\u021bii Sociale \u0219i Ministerul Educa\u021biei \u0219i Cercet\u0103rii!<\/p>\n\n\n\n<p><strong>Competen\u021be dob\u00e2ndite:<\/strong><\/p>\n\n\n\n<ul class=\"wp-block-list\">\n<li>Aplicarea normelor de securitate \u015fi s\u0103n\u0103tate \u00een munc\u0103 \u0219i a reglement\u0103rilor \u00een domeniul situa\u021biilor de urgen\u021b\u0103 specifice buc\u0103t\u0103riilor \u0219i spa\u021biilor anexe aferente<\/li>\n\n\n\n<li>Aplicarea normelor igienico-sanitare specifice buc\u0103t\u0103riilor \u015fi de siguran\u0163a alimentelor<\/li>\n\n\n\n<li>Aplicarea normelor de protec\u0163ie a mediului, prevenirea \u0219i combaterea risipei alimentare \u0219i a<br>de\u0219eurilor alimentare<\/li>\n\n\n\n<li>Respectarea drepturilor consumatorului cu referire la cantitatea\/calitatea\/prezentarea<br>preparatelor<\/li>\n\n\n\n<li>Aplicarea no\u021biunilor de baz\u0103 despre comunicare, comportament profesional, lucru \u00een echip\u0103 \u0219i psihologia consumatorului specifice domeniului turismului \u0219i alimenta\u021biei<\/li>\n<\/ul>\n<\/div>\n<\/div>\n\n\n\n<ul class=\"wp-block-list\">\n<li>Aplicarea principiilor nutri\u021biei s\u0103n\u0103toase \u0219i echilibrate<\/li>\n\n\n\n<li>Asigurarea calit\u0103\u0163ii materiilor prime \u015fi auxiliare, a semipreparatelor \u0219i preparatelor culinare<\/li>\n\n\n\n<li>Aplicarea no\u021biunilor de baz\u0103 despre organizarea activit\u0103\u021bilor specifice \u00een buc\u0103t\u0103rie<\/li>\n\n\n\n<li>Efectuarea opera\u0163iilor primare asupra materiilor prime \u015fi auxiliare<\/li>\n\n\n\n<li>Realizarea semipreparatelor culinare<\/li>\n\n\n\n<li>Realizarea preparatelor culinare<\/li>\n\n\n\n<li>Prezentarea estetic\u0103 a preparatelor culinare<\/li>\n\n\n\n<li>Aplicarea no\u021biunilor de eviden\u021b\u0103 operativ\u0103 specifice activit\u0103\u021bii din buc\u0103t\u0103rie<\/li>\n<\/ul>\n\n\n\n<p><strong>Avantaje:<\/strong> <strong>ob\u021binerea unui certificat autorizat<\/strong><\/p>\n\n\n\n<p>Urmarea unui curs calificat de buc\u0103tar v\u0103 ofer\u0103 cuno\u0219tin\u021bele necesare pentru a st\u0103p\u00e2ni tehnici avansate de g\u0103tit, normele de igien\u0103 alimentar\u0103 \u0219i managementul unei buc\u0103t\u0103rii eficiente, iar ob\u021binerea unui certificat autorizat de buc\u0103tar v\u0103 deschide noi oportunit\u0103\u021bi \u00een carier\u0103!<\/p>\n\n\n\n<figure class=\"wp-block-embed is-type-video is-provider-youtube wp-block-embed-youtube wp-embed-aspect-4-3 wp-has-aspect-ratio\"><div class=\"wp-block-embed__wrapper\">\n<iframe loading=\"lazy\" title=\"BUC\u0102TARII, LA MARE C\u0102UTARE\" width=\"590\" height=\"443\" src=\"https:\/\/www.youtube.com\/embed\/rBvPW1EzSvo?feature=oembed\" frameborder=\"0\" allow=\"accelerometer; autoplay; clipboard-write; encrypted-media; gyroscope; picture-in-picture; web-share\" referrerpolicy=\"strict-origin-when-cross-origin\" allowfullscreen><\/iframe>\n<\/div><\/figure>\n\n\n\n<p><strong>Durat\u0103 curs:<\/strong> 720 ore<\/p>\n\n\n\n<p><strong>Pre\u021b: <\/strong>1450 lei<\/p>\n\n\n\n<p><strong>Acte necesare pentru \u00eenscriere:<\/strong><\/p>\n\n\n\n<ul class=\"wp-block-list\">\n<li>Copie carte de identitate<\/li>\n\n\n\n<li>Copie certificat de na\u0219tere<\/li>\n\n\n\n<li>Copie certificat de c\u0103s\u0103torie (\u00een cazul schimb\u0103rii numelui)<\/li>\n\n\n\n<li>Copie diplom\u0103 ultima \u0219coal\u0103 absolvit\u0103 (minim 10 clase)<\/li>\n\n\n\n<li>Aviz medical cu specifica\u021bia \u201eapt pentru a desf\u0103\u0219ura activit\u0103\u021bi \u00een domeniul alimentar\u201d eliberat \u00een baza urm\u0103toarelor \u00eenvestiga\u0163ii:\n<ul class=\"wp-block-list\">\n<li>examen clinic general<\/li>\n\n\n\n<li>examen radiologic pulmonar<\/li>\n\n\n\n<li>examen VDRL<\/li>\n\n\n\n<li>examen coproparazitologic si coprobacteriologic<\/li>\n<\/ul>\n<\/li>\n<\/ul>\n\n\n\n<p>Formularul de \u00eenscriere poate fi accesat <a href=\"https:\/\/docs.google.com\/forms\/d\/e\/1FAIpQLSc4taqpy1c3HrRMX0cmtK1gQaMHVDWgJsSz-dU1WHo6lKbC7w\/viewform?usp=header\" data-type=\"link\" data-id=\"https:\/\/docs.google.com\/forms\/d\/e\/1FAIpQLSc4taqpy1c3HrRMX0cmtK1gQaMHVDWgJsSz-dU1WHo6lKbC7w\/viewform?usp=header\">AICI<\/a>.<\/p>\n\n\n\n<p>Pentru informa\u021bii suplimentare, ne pute\u021bi contacta la num\u0103rul 0761 118 568 \/ 0766 521 355 sau prin\u00a0<a href=\"https:\/\/mondoconsult.ro\/cursuri\/formular-de-contact\/\">formularul de contact<\/a>.<\/p>\n","protected":false},"excerpt":{"rendered":"<p>MONDO CONSULT S.R.L. organizeaz\u0103&nbsp;curs de formare profesional\u0103&nbsp;\u201eBuc\u0103tar\u201d, autorizat&nbsp;de Ministerului Muncii, Familiei, Tineretului \u0219i Solidarit\u0103\u021bii Sociale \u0219i Ministerul Educa\u021biei \u0219i Cercet\u0103rii! Competen\u021be dob\u00e2ndite: Avantaje: ob\u021binerea unui certificat autorizat Urmarea unui curs calificat de buc\u0103tar v\u0103 ofer\u0103 cuno\u0219tin\u021bele necesare pentru a st\u0103p\u00e2ni tehnici avansate de g\u0103tit, normele de igien\u0103 alimentar\u0103 \u0219i managementul unei buc\u0103t\u0103rii eficiente, iar ob\u021binerea [&hellip;]<\/p>\n","protected":false},"author":2,"featured_media":0,"parent":0,"menu_order":0,"comment_status":"closed","ping_status":"closed","template":"","meta":{"footnotes":""},"class_list":["post-2186","page","type-page","status-publish","hentry"],"_links":{"self":[{"href":"https:\/\/mondoconsult.ro\/cursuri\/wp-json\/wp\/v2\/pages\/2186","targetHints":{"allow":["GET"]}}],"collection":[{"href":"https:\/\/mondoconsult.ro\/cursuri\/wp-json\/wp\/v2\/pages"}],"about":[{"href":"https:\/\/mondoconsult.ro\/cursuri\/wp-json\/wp\/v2\/types\/page"}],"author":[{"embeddable":true,"href":"https:\/\/mondoconsult.ro\/cursuri\/wp-json\/wp\/v2\/users\/2"}],"replies":[{"embeddable":true,"href":"https:\/\/mondoconsult.ro\/cursuri\/wp-json\/wp\/v2\/comments?post=2186"}],"version-history":[{"count":5,"href":"https:\/\/mondoconsult.ro\/cursuri\/wp-json\/wp\/v2\/pages\/2186\/revisions"}],"predecessor-version":[{"id":2298,"href":"https:\/\/mondoconsult.ro\/cursuri\/wp-json\/wp\/v2\/pages\/2186\/revisions\/2298"}],"wp:attachment":[{"href":"https:\/\/mondoconsult.ro\/cursuri\/wp-json\/wp\/v2\/media?parent=2186"}],"curies":[{"name":"wp","href":"https:\/\/api.w.org\/{rel}","templated":true}]}}