{"id":2212,"date":"2025-02-26T07:59:31","date_gmt":"2025-02-26T07:59:31","guid":{"rendered":"https:\/\/mondoconsult.ro\/cursuri\/?page_id=2212"},"modified":"2025-03-03T09:48:28","modified_gmt":"2025-03-03T09:48:28","slug":"cursuri-ospatar","status":"publish","type":"page","link":"https:\/\/mondoconsult.ro\/cursuri\/cursuri-ospatar\/","title":{"rendered":"Cursuri &#8211; Osp\u0103tar"},"content":{"rendered":"\n<div class=\"wp-block-columns is-layout-flex wp-container-core-columns-is-layout-9d6595d7 wp-block-columns-is-layout-flex\">\n<div class=\"wp-block-column is-layout-flow wp-block-column-is-layout-flow\">\n<figure class=\"wp-block-image size-full\"><a href=\"https:\/\/mondoconsult.ro\/cursuri\/wp-content\/uploads\/2025\/02\/CURS-DE-OSPATAR.png\"><img loading=\"lazy\" decoding=\"async\" width=\"940\" height=\"788\" src=\"https:\/\/mondoconsult.ro\/cursuri\/wp-content\/uploads\/2025\/02\/CURS-DE-OSPATAR.png\" alt=\"\" class=\"wp-image-2213\" srcset=\"https:\/\/mondoconsult.ro\/cursuri\/wp-content\/uploads\/2025\/02\/CURS-DE-OSPATAR.png 940w, https:\/\/mondoconsult.ro\/cursuri\/wp-content\/uploads\/2025\/02\/CURS-DE-OSPATAR-300x251.png 300w, https:\/\/mondoconsult.ro\/cursuri\/wp-content\/uploads\/2025\/02\/CURS-DE-OSPATAR-768x644.png 768w\" sizes=\"auto, (max-width: 940px) 100vw, 940px\" \/><\/a><\/figure>\n<\/div>\n\n\n\n<div class=\"wp-block-column is-layout-flow wp-block-column-is-layout-flow\">\n<p>MONDO CONSULT S.R.L. organizeaz\u0103&nbsp;curs&nbsp;de formare profesional\u0103&nbsp;<strong>\u201eOsp\u0103tar\u201d<\/strong>, autorizat&nbsp;de Ministerului Muncii, Familiei, Tineretului \u0219i Solidarit\u0103\u021bii Sociale \u0219i Ministerul Educa\u021biei \u0219i Cercet\u0103rii!<\/p>\n\n\n\n<p><strong>Competen\u021be dob\u00e2ndite:<\/strong><\/p>\n\n\n\n<ul class=\"wp-block-list\">\n<li>Aplicarea no\u021biunilor de baz\u0103 civice \u0219i social-organiza\u021bionale \u00een domeniul turismului<\/li>\n\n\n\n<li>Aplicarea normelor de securitate \u015fi s\u0103n\u0103tate \u00een munc\u0103 \u0219i \u00een domeniul situa\u021biilor de urgen\u021b\u0103 \u00een<br>domeniul turismului<\/li>\n<\/ul>\n<\/div>\n<\/div>\n\n\n\n<ul class=\"wp-block-list\">\n<li>Aplicarea normelor igienico-sanitare aplicabile activit\u0103\u021bii din restaurante<\/li>\n\n\n\n<li>Aplicarea normelor de protec\u021bie a mediului \u00een domeniul turismului<\/li>\n\n\n\n<li>Aplicarea no\u021biunilor de baz\u0103 despre comunicare, comportament profesional, lucru \u00een echip\u0103 \u0219i<br>psihologia consumatorului specifice domeniului turistic<\/li>\n\n\n\n<li>Aplicarea no\u021biunilor privind realizarea tuturor tipurilor de mise-en-place<\/li>\n\n\n\n<li>Recomandarea \u0219i promovarea produselor \u0219i serviciilor specifice restaurantului<\/li>\n\n\n\n<li>Servirea preparatelor culinare<\/li>\n\n\n\n<li>Servirea b\u0103uturilor<\/li>\n\n\n\n<li>Debarasarea tuturor obiectelor de inventar specifice restaurantului<\/li>\n\n\n\n<li>Aplicarea no\u021biunilor de eviden\u021ba operativ\u0103<\/li>\n<\/ul>\n\n\n\n<p><strong>Avantaje:<\/strong> <strong>ob\u021binerea unui certificat autorizat<\/strong><\/p>\n\n\n\n<p>\u00censu\u0219irea unor cuno\u0219tin\u021be esen\u021biale despre standardele profesionale \u0219i bunele practici din industria ospitalit\u0103\u021bii, asigur\u00e2nd calitatea serviciilor oferite. De asemenea, ob\u021binerea unui certificat autorizat v\u0103 spore\u0219te \u0219ansele de a promova \u00een domeniu.<\/p>\n\n\n\n<p><strong>Dat\u0103 \u00eencepere curs:<\/strong> 5 septembrie<\/p>\n\n\n\n<p><strong>Durat\u0103 curs: <\/strong>720 ore<\/p>\n\n\n\n<p><strong>Pre\u021b: <\/strong>1450 lei<\/p>\n\n\n\n<p><strong>Acte necesare pentru \u00eenscriere:<\/strong><\/p>\n\n\n\n<ul class=\"wp-block-list\">\n<li>Copie carte de identitate<\/li>\n\n\n\n<li>Copie certificat de na\u0219tere<\/li>\n\n\n\n<li>Copie certificat de c\u0103s\u0103torie (\u00een cazul schimb\u0103rii numelui)<\/li>\n\n\n\n<li>Copie diplom\u0103 ultima \u0219coal\u0103 absolvit\u0103 (minim 10 clase)<\/li>\n\n\n\n<li>Aviz medical: apt din punct de vedere medical pentru practicarea ocupa\u021biei de osp\u0103tar<\/li>\n<\/ul>\n\n\n\n<p>Formularul de \u00eenscriere poate fi accesat <a href=\"https:\/\/docs.google.com\/forms\/d\/e\/1FAIpQLSc4taqpy1c3HrRMX0cmtK1gQaMHVDWgJsSz-dU1WHo6lKbC7w\/viewform?usp=header\" data-type=\"link\" data-id=\"https:\/\/docs.google.com\/forms\/d\/e\/1FAIpQLSc4taqpy1c3HrRMX0cmtK1gQaMHVDWgJsSz-dU1WHo6lKbC7w\/viewform?usp=header\">AICI<\/a>.<\/p>\n\n\n\n<p>Pentru informa\u021bii suplimentare, ne pute\u021bi contacta la num\u0103rul 0761 118 568 \/ 0766 521 355 sau prin\u00a0<a href=\"https:\/\/mondoconsult.ro\/cursuri\/formular-de-contact\/\">formularul de contact<\/a>.<\/p>\n","protected":false},"excerpt":{"rendered":"<p>MONDO CONSULT S.R.L. organizeaz\u0103&nbsp;curs&nbsp;de formare profesional\u0103&nbsp;\u201eOsp\u0103tar\u201d, autorizat&nbsp;de Ministerului Muncii, Familiei, Tineretului \u0219i Solidarit\u0103\u021bii Sociale \u0219i Ministerul Educa\u021biei \u0219i Cercet\u0103rii! Competen\u021be dob\u00e2ndite: Avantaje: ob\u021binerea unui certificat autorizat \u00censu\u0219irea unor cuno\u0219tin\u021be esen\u021biale despre standardele profesionale \u0219i bunele practici din industria ospitalit\u0103\u021bii, asigur\u00e2nd calitatea serviciilor oferite. De asemenea, ob\u021binerea unui certificat autorizat v\u0103 spore\u0219te \u0219ansele de a promova [&hellip;]<\/p>\n","protected":false},"author":2,"featured_media":0,"parent":0,"menu_order":0,"comment_status":"closed","ping_status":"closed","template":"","meta":{"footnotes":""},"class_list":["post-2212","page","type-page","status-publish","hentry"],"_links":{"self":[{"href":"https:\/\/mondoconsult.ro\/cursuri\/wp-json\/wp\/v2\/pages\/2212","targetHints":{"allow":["GET"]}}],"collection":[{"href":"https:\/\/mondoconsult.ro\/cursuri\/wp-json\/wp\/v2\/pages"}],"about":[{"href":"https:\/\/mondoconsult.ro\/cursuri\/wp-json\/wp\/v2\/types\/page"}],"author":[{"embeddable":true,"href":"https:\/\/mondoconsult.ro\/cursuri\/wp-json\/wp\/v2\/users\/2"}],"replies":[{"embeddable":true,"href":"https:\/\/mondoconsult.ro\/cursuri\/wp-json\/wp\/v2\/comments?post=2212"}],"version-history":[{"count":5,"href":"https:\/\/mondoconsult.ro\/cursuri\/wp-json\/wp\/v2\/pages\/2212\/revisions"}],"predecessor-version":[{"id":2299,"href":"https:\/\/mondoconsult.ro\/cursuri\/wp-json\/wp\/v2\/pages\/2212\/revisions\/2299"}],"wp:attachment":[{"href":"https:\/\/mondoconsult.ro\/cursuri\/wp-json\/wp\/v2\/media?parent=2212"}],"curies":[{"name":"wp","href":"https:\/\/api.w.org\/{rel}","templated":true}]}}