{"id":2235,"date":"2025-02-26T10:16:55","date_gmt":"2025-02-26T10:16:55","guid":{"rendered":"https:\/\/mondoconsult.ro\/cursuri\/?page_id=2235"},"modified":"2025-03-24T08:37:08","modified_gmt":"2025-03-24T08:37:08","slug":"peo-308718-ospatar","status":"publish","type":"page","link":"https:\/\/mondoconsult.ro\/cursuri\/peo-308718-ospatar\/","title":{"rendered":"PEO 308718 &#8211; Osp\u0103tar"},"content":{"rendered":"\n<div class=\"wp-block-columns is-layout-flex wp-container-core-columns-is-layout-9d6595d7 wp-block-columns-is-layout-flex\">\n<div class=\"wp-block-column is-layout-flow wp-block-column-is-layout-flow\">\n<figure class=\"wp-block-image size-full\"><a href=\"https:\/\/mondoconsult.ro\/cursuri\/wp-content\/uploads\/2025\/03\/cursgratuit-cursospatar.webp\"><img loading=\"lazy\" decoding=\"async\" width=\"940\" height=\"788\" src=\"https:\/\/mondoconsult.ro\/cursuri\/wp-content\/uploads\/2025\/03\/cursgratuit-cursospatar.webp\" alt=\"\" class=\"wp-image-2415\" srcset=\"https:\/\/mondoconsult.ro\/cursuri\/wp-content\/uploads\/2025\/03\/cursgratuit-cursospatar.webp 940w, https:\/\/mondoconsult.ro\/cursuri\/wp-content\/uploads\/2025\/03\/cursgratuit-cursospatar-300x251.webp 300w, https:\/\/mondoconsult.ro\/cursuri\/wp-content\/uploads\/2025\/03\/cursgratuit-cursospatar-768x644.webp 768w\" sizes=\"auto, (max-width: 940px) 100vw, 940px\" \/><\/a><\/figure>\n<\/div>\n\n\n\n<div class=\"wp-block-column is-layout-flow wp-block-column-is-layout-flow\">\n<p>MONDO CONSULT S.R.L. organizeaz\u0103&nbsp;curs&nbsp;de formare profesional\u0103&nbsp;<strong>\u201eOsp\u0103tar\u201d<\/strong>, oferit&nbsp;<strong>GRATUIT \u00een cadrul proiectului PEO 308718 UPGRADEAZ\u0102-TE!<\/strong><\/p>\n\n\n\n<p>Cursul se adreseaz\u0103&nbsp;<strong>salaria\u021bilor din mediul privat.<\/strong><\/p>\n\n\n\n<p><strong>Cursan\u021bii vor \u00eenv\u0103\u021ba:<\/strong><\/p>\n\n\n\n<ul class=\"wp-block-list\">\n<li>metode eficiente de comunicare cu clien\u021bii<\/li>\n\n\n\n<li>cum se gestioneaz\u0103 comenzile \u0219i mesele<\/li>\n\n\n\n<li>s\u0103 cunoasc\u0103 meniul \u0219i b\u0103uturile din el<\/li>\n\n\n\n<li>cum s\u0103 gestioneze diferite situa\u021bii dificile<\/li>\n\n\n\n<li>metode corecte de servire a b\u0103uturilor \u0219i alimentelor<\/li>\n<\/ul>\n<\/div>\n<\/div>\n\n\n\n<p><strong>Durat\u0103 curs:<\/strong> 20 ore<\/p>\n\n\n\n<p><strong>Avantaje: ob\u021binerea unui certificat de participare<\/strong><\/p>\n\n\n\n<p>Dezvoltarea abilit\u0103\u021bilor de rela\u021bionare cu clien\u021bii este un element esen\u021bial pentru a oferi o experien\u021b\u0103 pl\u0103cut\u0103 \u0219i profesional\u0103 \u00een cadrul restaurantelor. Participarea la curs asigur\u0103 cuno\u0219tin\u021bele necesare pentru a oferi servicii de calitate \u00eentr-un mediu alert \u0219i dinamic.<\/p>\n\n\n\n<p><strong>Expert formare profesional\u0103 reg. S-E:&nbsp;<\/strong>Merode Liliana<\/p>\n\n\n\n<p>Formularul de \u00eenscriere poate fi accesat <a href=\"https:\/\/docs.google.com\/forms\/d\/e\/1FAIpQLSc4taqpy1c3HrRMX0cmtK1gQaMHVDWgJsSz-dU1WHo6lKbC7w\/viewform?usp=header\" data-type=\"link\" data-id=\"https:\/\/docs.google.com\/forms\/d\/e\/1FAIpQLSc4taqpy1c3HrRMX0cmtK1gQaMHVDWgJsSz-dU1WHo6lKbC7w\/viewform?usp=header\">AICI<\/a>.<\/p>\n\n\n\n<p>Pentru informa\u021bii suplimentare, ne pute\u021bi contacta la num\u0103rul 0761 118 568 \/ 0766 521 355 sau prin&nbsp;<a href=\"https:\/\/mondoconsult.ro\/cursuri\/formular-de-contact\/\">formularul de contact<\/a>.<\/p>\n","protected":false},"excerpt":{"rendered":"<p>MONDO CONSULT S.R.L. organizeaz\u0103&nbsp;curs&nbsp;de formare profesional\u0103&nbsp;\u201eOsp\u0103tar\u201d, oferit&nbsp;GRATUIT \u00een cadrul proiectului PEO 308718 UPGRADEAZ\u0102-TE! Cursul se adreseaz\u0103&nbsp;salaria\u021bilor din mediul privat. Cursan\u021bii vor \u00eenv\u0103\u021ba: Durat\u0103 curs: 20 ore Avantaje: ob\u021binerea unui certificat de participare Dezvoltarea abilit\u0103\u021bilor de rela\u021bionare cu clien\u021bii este un element esen\u021bial pentru a oferi o experien\u021b\u0103 pl\u0103cut\u0103 \u0219i profesional\u0103 \u00een cadrul restaurantelor. Participarea la [&hellip;]<\/p>\n","protected":false},"author":2,"featured_media":0,"parent":0,"menu_order":0,"comment_status":"closed","ping_status":"closed","template":"","meta":{"footnotes":""},"class_list":["post-2235","page","type-page","status-publish","hentry"],"_links":{"self":[{"href":"https:\/\/mondoconsult.ro\/cursuri\/wp-json\/wp\/v2\/pages\/2235","targetHints":{"allow":["GET"]}}],"collection":[{"href":"https:\/\/mondoconsult.ro\/cursuri\/wp-json\/wp\/v2\/pages"}],"about":[{"href":"https:\/\/mondoconsult.ro\/cursuri\/wp-json\/wp\/v2\/types\/page"}],"author":[{"embeddable":true,"href":"https:\/\/mondoconsult.ro\/cursuri\/wp-json\/wp\/v2\/users\/2"}],"replies":[{"embeddable":true,"href":"https:\/\/mondoconsult.ro\/cursuri\/wp-json\/wp\/v2\/comments?post=2235"}],"version-history":[{"count":5,"href":"https:\/\/mondoconsult.ro\/cursuri\/wp-json\/wp\/v2\/pages\/2235\/revisions"}],"predecessor-version":[{"id":2416,"href":"https:\/\/mondoconsult.ro\/cursuri\/wp-json\/wp\/v2\/pages\/2235\/revisions\/2416"}],"wp:attachment":[{"href":"https:\/\/mondoconsult.ro\/cursuri\/wp-json\/wp\/v2\/media?parent=2235"}],"curies":[{"name":"wp","href":"https:\/\/api.w.org\/{rel}","templated":true}]}}