{"id":351,"date":"2019-11-28T14:06:08","date_gmt":"2019-11-28T14:06:08","guid":{"rendered":"https:\/\/mondoconsult.ro\/cursuri\/?page_id=351"},"modified":"2020-01-30T09:03:40","modified_gmt":"2020-01-30T09:03:40","slug":"pocu-126089","status":"publish","type":"page","link":"https:\/\/mondoconsult.ro\/cursuri\/pocu-126089\/","title":{"rendered":"POCU 126089"},"content":{"rendered":"\n<p><strong>Obiectivul general al proiectului\/Scopul proiectului<\/strong><\/p>\n\n\n\n<div class=\"wp-block-image\"><figure class=\"aligncenter size-large is-resized\"><img loading=\"lazy\" decoding=\"async\" src=\"https:\/\/mondoconsult.ro\/cursuri\/wp-content\/uploads\/2019\/11\/a9d57107-f177-4bf2-a215-018d69733895-768x1024.jpg\" alt=\"\" class=\"wp-image-405\" width=\"347\" height=\"463\" srcset=\"https:\/\/mondoconsult.ro\/cursuri\/wp-content\/uploads\/2019\/11\/a9d57107-f177-4bf2-a215-018d69733895-768x1023.jpg 768w, https:\/\/mondoconsult.ro\/cursuri\/wp-content\/uploads\/2019\/11\/a9d57107-f177-4bf2-a215-018d69733895-225x300.jpg 225w, https:\/\/mondoconsult.ro\/cursuri\/wp-content\/uploads\/2019\/11\/a9d57107-f177-4bf2-a215-018d69733895-1153x1536.jpg 1153w, https:\/\/mondoconsult.ro\/cursuri\/wp-content\/uploads\/2019\/11\/a9d57107-f177-4bf2-a215-018d69733895.jpg 1200w\" sizes=\"auto, (max-width: 347px) 100vw, 347px\" \/><\/figure><\/div>\n\n\n\n<div class=\"wp-block-image\"><figure class=\"aligncenter size-large is-resized\"><img loading=\"lazy\" decoding=\"async\" src=\"https:\/\/mondoconsult.ro\/cursuri\/wp-content\/uploads\/2020\/01\/16306983-2b54-4a47-a4a6-2d5b48e749d9-1024x768.jpg\" alt=\"\" class=\"wp-image-452\" width=\"438\" height=\"329\" srcset=\"https:\/\/mondoconsult.ro\/cursuri\/wp-content\/uploads\/2020\/01\/16306983-2b54-4a47-a4a6-2d5b48e749d9-1024x768.jpg 1024w, https:\/\/mondoconsult.ro\/cursuri\/wp-content\/uploads\/2020\/01\/16306983-2b54-4a47-a4a6-2d5b48e749d9-300x225.jpg 300w, https:\/\/mondoconsult.ro\/cursuri\/wp-content\/uploads\/2020\/01\/16306983-2b54-4a47-a4a6-2d5b48e749d9-768x576.jpg 768w, https:\/\/mondoconsult.ro\/cursuri\/wp-content\/uploads\/2020\/01\/16306983-2b54-4a47-a4a6-2d5b48e749d9-1536x1152.jpg 1536w, https:\/\/mondoconsult.ro\/cursuri\/wp-content\/uploads\/2020\/01\/16306983-2b54-4a47-a4a6-2d5b48e749d9.jpg 1600w\" sizes=\"auto, (max-width: 438px) 100vw, 438px\" \/><\/figure><\/div>\n\n\n\n<p class=\"has-text-align-center\"><em><strong>Obiectiv general<\/strong><\/em>: Promovarea antreprenoriatului social si a integrarii vocationale \u00een \u00eentreprinderile sociale si in economia sociala in scopul facilitarii accesului la ocuparea fortei de munca, in regiunea Sud-Est cu efecte pe termen lung in dezvoltarea comunitatilor locale.<\/p>\n\n\n\n<div class=\"wp-block-image\"><figure class=\"aligncenter size-large is-resized\"><img loading=\"lazy\" decoding=\"async\" src=\"https:\/\/mondoconsult.ro\/cursuri\/wp-content\/uploads\/2020\/01\/718d52cb-3727-4e7d-9a6c-9bf28bcac3a8-1024x768.jpg\" alt=\"\" class=\"wp-image-448\" width=\"422\" height=\"317\" srcset=\"https:\/\/mondoconsult.ro\/cursuri\/wp-content\/uploads\/2020\/01\/718d52cb-3727-4e7d-9a6c-9bf28bcac3a8-1024x768.jpg 1024w, https:\/\/mondoconsult.ro\/cursuri\/wp-content\/uploads\/2020\/01\/718d52cb-3727-4e7d-9a6c-9bf28bcac3a8-300x225.jpg 300w, https:\/\/mondoconsult.ro\/cursuri\/wp-content\/uploads\/2020\/01\/718d52cb-3727-4e7d-9a6c-9bf28bcac3a8-768x576.jpg 768w, https:\/\/mondoconsult.ro\/cursuri\/wp-content\/uploads\/2020\/01\/718d52cb-3727-4e7d-9a6c-9bf28bcac3a8-1536x1152.jpg 1536w, https:\/\/mondoconsult.ro\/cursuri\/wp-content\/uploads\/2020\/01\/718d52cb-3727-4e7d-9a6c-9bf28bcac3a8.jpg 1600w\" sizes=\"auto, (max-width: 422px) 100vw, 422px\" \/><\/figure><\/div>\n\n\n\n<div class=\"wp-block-image\"><figure class=\"aligncenter size-large is-resized\"><img loading=\"lazy\" decoding=\"async\" src=\"https:\/\/mondoconsult.ro\/cursuri\/wp-content\/uploads\/2020\/01\/poza-pocu-26089-1024x768.jpg\" alt=\"\" class=\"wp-image-438\" width=\"454\" height=\"341\" srcset=\"https:\/\/mondoconsult.ro\/cursuri\/wp-content\/uploads\/2020\/01\/poza-pocu-26089-1024x768.jpg 1024w, https:\/\/mondoconsult.ro\/cursuri\/wp-content\/uploads\/2020\/01\/poza-pocu-26089-300x225.jpg 300w, https:\/\/mondoconsult.ro\/cursuri\/wp-content\/uploads\/2020\/01\/poza-pocu-26089-768x576.jpg 768w, https:\/\/mondoconsult.ro\/cursuri\/wp-content\/uploads\/2020\/01\/poza-pocu-26089-1536x1153.jpg 1536w, https:\/\/mondoconsult.ro\/cursuri\/wp-content\/uploads\/2020\/01\/poza-pocu-26089.jpg 1599w\" sizes=\"auto, (max-width: 454px) 100vw, 454px\" \/><\/figure><\/div>\n\n\n\n<div class=\"wp-block-image\"><figure class=\"aligncenter size-large is-resized\"><img loading=\"lazy\" decoding=\"async\" src=\"https:\/\/mondoconsult.ro\/cursuri\/wp-content\/uploads\/2019\/11\/20191024_171258-1024x614.jpg\" alt=\"\" class=\"wp-image-389\" width=\"448\" height=\"268\" srcset=\"https:\/\/mondoconsult.ro\/cursuri\/wp-content\/uploads\/2019\/11\/20191024_171258-1024x614.jpg 1024w, https:\/\/mondoconsult.ro\/cursuri\/wp-content\/uploads\/2019\/11\/20191024_171258-300x180.jpg 300w, https:\/\/mondoconsult.ro\/cursuri\/wp-content\/uploads\/2019\/11\/20191024_171258-768x461.jpg 768w, https:\/\/mondoconsult.ro\/cursuri\/wp-content\/uploads\/2019\/11\/20191024_171258-1536x922.jpg 1536w, https:\/\/mondoconsult.ro\/cursuri\/wp-content\/uploads\/2019\/11\/20191024_171258-2048x1229.jpg 2048w\" sizes=\"auto, (max-width: 448px) 100vw, 448px\" \/><\/figure><\/div>\n\n\n\n<p class=\"has-text-align-center\">Implementarea proiectului va genera un efect pozitiv pe termen lung atat la nivelul grupului tinta cat si la nivelul comunitatilor locale si a societatii prin actiunile de sprijin, prin derularea programelor de formare antreprenoriala specifica pentru 102 de persoane, prin promovarea celor mai bune 42 de planuri de afaceri, prin infiintarea a 21 intreprinderi sociale si sustinerea lor financiara prin schema de minimi, prin constituirea unor exemple de buna practica<\/p>\n\n\n\n<div class=\"wp-block-image\"><figure class=\"aligncenter size-large is-resized\"><img loading=\"lazy\" decoding=\"async\" src=\"https:\/\/mondoconsult.ro\/cursuri\/wp-content\/uploads\/2019\/11\/WhatsApp-Image-2019-11-13-at-16.27.25-1.jpeg\" alt=\"\" class=\"wp-image-390\" width=\"406\" height=\"304\" srcset=\"https:\/\/mondoconsult.ro\/cursuri\/wp-content\/uploads\/2019\/11\/WhatsApp-Image-2019-11-13-at-16.27.25-1.jpeg 1024w, https:\/\/mondoconsult.ro\/cursuri\/wp-content\/uploads\/2019\/11\/WhatsApp-Image-2019-11-13-at-16.27.25-1-300x225.jpeg 300w, https:\/\/mondoconsult.ro\/cursuri\/wp-content\/uploads\/2019\/11\/WhatsApp-Image-2019-11-13-at-16.27.25-1-768x576.jpeg 768w\" sizes=\"auto, (max-width: 406px) 100vw, 406px\" \/><\/figure><\/div>\n\n\n\n<p><a href=\"https:\/\/mondoconsult.ro\/cursuri\/wp-content\/uploads\/2019\/11\/Prezentare-proiect-MG-17-OCT-final.pptx\">https:\/\/mondoconsult.ro\/cursuri\/wp-content\/uploads\/2019\/11\/Prezentare-proiect-MG-17-OCT-final.pptx<\/a><\/p>\n\n\n\n<p class=\"has-text-align-justify\"><strong><span style=\"text-decoration: underline;\">Obiectivele specifice ale proiectului<\/span><\/strong><\/p>\n\n\n\n<div class=\"wp-block-image\"><figure class=\"aligncenter size-large is-resized\"><img loading=\"lazy\" decoding=\"async\" src=\"https:\/\/mondoconsult.ro\/cursuri\/wp-content\/uploads\/2020\/01\/d26a8309-d838-4410-b2f4-b71892166fcd-1024x768.jpg\" alt=\"\" class=\"wp-image-449\" width=\"429\" height=\"322\" srcset=\"https:\/\/mondoconsult.ro\/cursuri\/wp-content\/uploads\/2020\/01\/d26a8309-d838-4410-b2f4-b71892166fcd-1024x768.jpg 1024w, https:\/\/mondoconsult.ro\/cursuri\/wp-content\/uploads\/2020\/01\/d26a8309-d838-4410-b2f4-b71892166fcd-300x225.jpg 300w, https:\/\/mondoconsult.ro\/cursuri\/wp-content\/uploads\/2020\/01\/d26a8309-d838-4410-b2f4-b71892166fcd-768x576.jpg 768w, https:\/\/mondoconsult.ro\/cursuri\/wp-content\/uploads\/2020\/01\/d26a8309-d838-4410-b2f4-b71892166fcd-1536x1152.jpg 1536w, https:\/\/mondoconsult.ro\/cursuri\/wp-content\/uploads\/2020\/01\/d26a8309-d838-4410-b2f4-b71892166fcd.jpg 1600w\" sizes=\"auto, (max-width: 429px) 100vw, 429px\" \/><\/figure><\/div>\n\n\n\n<p>1. Promovarea potentialului de dezvoltare a economiei sociale si a conceptului de antreprenoriat social \u00een vederea informarii si constientizarii publicului din regiunea Sud-Est prin minim 10 actiuni\/evenimente de informare.<\/p>\n\n\n\n<div class=\"wp-block-image\"><figure class=\"aligncenter size-large is-resized\"><img loading=\"lazy\" decoding=\"async\" src=\"https:\/\/mondoconsult.ro\/cursuri\/wp-content\/uploads\/2020\/01\/718d52cb-3727-4e7d-9a6c-9bf28bcac3a8-1-1024x768.jpg\" alt=\"\" class=\"wp-image-450\" width=\"412\" height=\"309\" srcset=\"https:\/\/mondoconsult.ro\/cursuri\/wp-content\/uploads\/2020\/01\/718d52cb-3727-4e7d-9a6c-9bf28bcac3a8-1-1024x768.jpg 1024w, https:\/\/mondoconsult.ro\/cursuri\/wp-content\/uploads\/2020\/01\/718d52cb-3727-4e7d-9a6c-9bf28bcac3a8-1-300x225.jpg 300w, https:\/\/mondoconsult.ro\/cursuri\/wp-content\/uploads\/2020\/01\/718d52cb-3727-4e7d-9a6c-9bf28bcac3a8-1-768x576.jpg 768w, https:\/\/mondoconsult.ro\/cursuri\/wp-content\/uploads\/2020\/01\/718d52cb-3727-4e7d-9a6c-9bf28bcac3a8-1-1536x1152.jpg 1536w, https:\/\/mondoconsult.ro\/cursuri\/wp-content\/uploads\/2020\/01\/718d52cb-3727-4e7d-9a6c-9bf28bcac3a8-1.jpg 1600w\" sizes=\"auto, (max-width: 412px) 100vw, 412px\" \/><\/figure><\/div>\n\n\n\n<p>Dezvoltarea competentelor si abilitatilor antreprenoriale prin formare antreprenoriala specifica pentru un numar de 102 persoane din regiunea Sud-Est care doresc sa infiinteze intreprinderi sociale.<\/p>\n\n\n\n<div class=\"wp-block-image\"><figure class=\"aligncenter size-large is-resized\"><img loading=\"lazy\" decoding=\"async\" src=\"https:\/\/mondoconsult.ro\/cursuri\/wp-content\/uploads\/2019\/11\/WhatsApp-Image-2019-11-18-at-13.21.04-768x1024.jpeg\" alt=\"\" class=\"wp-image-391\" width=\"282\" height=\"376\" srcset=\"https:\/\/mondoconsult.ro\/cursuri\/wp-content\/uploads\/2019\/11\/WhatsApp-Image-2019-11-18-at-13.21.04-768x1024.jpeg 768w, https:\/\/mondoconsult.ro\/cursuri\/wp-content\/uploads\/2019\/11\/WhatsApp-Image-2019-11-18-at-13.21.04-225x300.jpeg 225w, https:\/\/mondoconsult.ro\/cursuri\/wp-content\/uploads\/2019\/11\/WhatsApp-Image-2019-11-18-at-13.21.04-1152x1536.jpeg 1152w, https:\/\/mondoconsult.ro\/cursuri\/wp-content\/uploads\/2019\/11\/WhatsApp-Image-2019-11-18-at-13.21.04.jpeg 1200w\" sizes=\"auto, (max-width: 282px) 100vw, 282px\" \/><\/figure><\/div>\n\n\n\n<blockquote class=\"wp-block-quote is-layout-flow wp-block-quote-is-layout-flow\"><p><strong><em>Sprijinirea dezvoltarii antreprenoriatului social prin infiintarea a 21 intreprinderi sociale prin implementarea unor scheme de minimis.<\/em><\/strong><\/p><\/blockquote>\n\n\n\n<figure class=\"wp-block-image size-large is-resized\"><img loading=\"lazy\" decoding=\"async\" src=\"https:\/\/mondoconsult.ro\/cursuri\/wp-content\/uploads\/2019\/11\/F\u0103r\u0103-titlu-1024x576.png\" alt=\"\" class=\"wp-image-394\" width=\"555\" height=\"312\" srcset=\"https:\/\/mondoconsult.ro\/cursuri\/wp-content\/uploads\/2019\/11\/F\u0103r\u0103-titlu-1024x576.png 1024w, https:\/\/mondoconsult.ro\/cursuri\/wp-content\/uploads\/2019\/11\/F\u0103r\u0103-titlu-300x169.png 300w, https:\/\/mondoconsult.ro\/cursuri\/wp-content\/uploads\/2019\/11\/F\u0103r\u0103-titlu-768x432.png 768w, https:\/\/mondoconsult.ro\/cursuri\/wp-content\/uploads\/2019\/11\/F\u0103r\u0103-titlu-1536x864.png 1536w, https:\/\/mondoconsult.ro\/cursuri\/wp-content\/uploads\/2019\/11\/F\u0103r\u0103-titlu.png 1920w\" sizes=\"auto, (max-width: 555px) 100vw, 555px\" \/><\/figure>\n\n\n\n<p>    1.1 Managementul poriectului<\/p>\n\n\n\n<p>   1.2 Managementul riscului<\/p>\n\n\n\n<p>   1.3 Monitorizare si evaluare<\/p>\n\n\n\n<p>   2.1 Informarea si publicitatea proiectului<\/p>\n\n\n\n<p>   3.1 Achizitii<\/p>\n\n\n\n<p>   3.2 Activitate de sprijin administrativ si decontare cheltuieli indirect<\/p>\n\n\n\n<p>   4.1  Informarea publicului cu privire laActiunile derulate \u00een cadrul proiectului<\/p>\n\n\n\n<p>  4.2 Selectarea grupului tinta ce va participa la actiunile de sprijin organizate<\/p>\n\n\n\n<p>  4.3 Derularea unui program de formare antreprenoriala specifica-Antreprenor ineconomia sociala<\/p>\n\n\n\n<p>  4.4 Alte activitati de sprijin oferite \u00een vederea \u00eenfiintarii de \u00eentreprinderi sociale<\/p>\n\n\n\n<p>  4.5 Selectarea si evaluarea planurilor de afaceri ce vor fi finantate \u00een cadrul proiectului<\/p>\n\n\n\n<p>  4.6  Transmiterea catre AC a dosarelor Etapei<\/p>\n\n\n\n<p>  5.1 Furnizarea serviciilor personalizate de consiliere pentru planurile de afaceri selectate<\/p>\n\n\n\n<p>  5.2 Asigurarea \u00eenfiin\u00fearii si demararii functionarii \u00eentreprinderilor ce vor implementa planurile de afaceri cu ajutor de minimis \u00een cadrul proiectului<\/p>\n\n\n\n<p>  5.3 Decontarea pentru entita\u00feile economiei sociale a sumelor aferente implementarii planurilor de afaceri selectate \u00een cadrul proiectului<\/p>\n\n\n\n<p>  5.4 Monitorizarea func\u00feionarii si dezvoltarii afacerilor finantate<\/p>\n\n\n\n<p>  5.5 Transmiterea dosarelor etapei II catre AC<\/p>\n\n\n\n<p>  5.6 Asigurarea sustenabilitatii proiectului (elaborarea unui Plan de sustenabilitate, la finalul perioadei de implementare)<\/p>\n\n\n\n<p>  6.1 Actiuni pentru dezvoltarea domeniului economiei sociale -studiu de impact<\/p>\n\n\n\n<div class=\"wp-block-group\"><div class=\"wp-block-group__inner-container is-layout-flow wp-block-group-is-layout-flow\">\n<div class=\"wp-block-image\"><figure class=\"aligncenter size-large is-resized\"><img loading=\"lazy\" decoding=\"async\" src=\"https:\/\/mondoconsult.ro\/cursuri\/wp-content\/uploads\/2019\/11\/WhatsApp-Image-2019-11-21-at-09.48.51-1-768x1024.jpeg\" alt=\"\" class=\"wp-image-392\" width=\"309\" height=\"412\" srcset=\"https:\/\/mondoconsult.ro\/cursuri\/wp-content\/uploads\/2019\/11\/WhatsApp-Image-2019-11-21-at-09.48.51-1-768x1024.jpeg 768w, https:\/\/mondoconsult.ro\/cursuri\/wp-content\/uploads\/2019\/11\/WhatsApp-Image-2019-11-21-at-09.48.51-1-225x300.jpeg 225w, https:\/\/mondoconsult.ro\/cursuri\/wp-content\/uploads\/2019\/11\/WhatsApp-Image-2019-11-21-at-09.48.51-1-1152x1536.jpeg 1152w, https:\/\/mondoconsult.ro\/cursuri\/wp-content\/uploads\/2019\/11\/WhatsApp-Image-2019-11-21-at-09.48.51-1.jpeg 1200w\" sizes=\"auto, (max-width: 309px) 100vw, 309px\" \/><\/figure><\/div>\n\n\n\n<blockquote class=\"wp-block-quote is-layout-flow wp-block-quote-is-layout-flow\"><p><strong>Valoarea totala proiect=11.670.607,44<\/strong><\/p><p><strong>Valoare totala<\/strong> <strong>Mondo Consult=4.162.234,08<\/strong><\/p><p><strong>Intensitatea interventiei totala a proiectului=9.874.934,01<\/strong><\/p><p><strong>Intensitatea interventiei Mondo Consult=3.954.122,37<\/strong><\/p><\/blockquote>\n<\/div><\/div>\n\n\n\n<figure class=\"wp-block-image alignfull size-large\"><img loading=\"lazy\" decoding=\"async\" width=\"1024\" height=\"576\" src=\"https:\/\/mondoconsult.ro\/cursuri\/wp-content\/uploads\/2019\/11\/F\u0103r\u0103-titlu.png111111111-1024x576.png\" alt=\"\" class=\"wp-image-396\" srcset=\"https:\/\/mondoconsult.ro\/cursuri\/wp-content\/uploads\/2019\/11\/F\u0103r\u0103-titlu.png111111111-1024x576.png 1024w, https:\/\/mondoconsult.ro\/cursuri\/wp-content\/uploads\/2019\/11\/F\u0103r\u0103-titlu.png111111111-300x169.png 300w, https:\/\/mondoconsult.ro\/cursuri\/wp-content\/uploads\/2019\/11\/F\u0103r\u0103-titlu.png111111111-768x432.png 768w, https:\/\/mondoconsult.ro\/cursuri\/wp-content\/uploads\/2019\/11\/F\u0103r\u0103-titlu.png111111111-1536x864.png 1536w, https:\/\/mondoconsult.ro\/cursuri\/wp-content\/uploads\/2019\/11\/F\u0103r\u0103-titlu.png111111111.png 1920w\" sizes=\"auto, (max-width: 1024px) 100vw, 1024px\" \/><\/figure>\n\n\n\n<p><\/p>\n","protected":false},"excerpt":{"rendered":"<p>Obiectivul general al proiectului\/Scopul proiectului Obiectiv general: Promovarea antreprenoriatului social si a integrarii vocationale \u00een \u00eentreprinderile sociale si in economia sociala in scopul facilitarii accesului la ocuparea fortei de munca, in regiunea Sud-Est cu efecte pe termen lung in dezvoltarea comunitatilor locale. Implementarea proiectului va genera un efect pozitiv pe termen lung atat la nivelul [&hellip;]<\/p>\n","protected":false},"author":2,"featured_media":0,"parent":0,"menu_order":0,"comment_status":"closed","ping_status":"closed","template":"","meta":{"footnotes":""},"class_list":["post-351","page","type-page","status-publish","hentry"],"_links":{"self":[{"href":"https:\/\/mondoconsult.ro\/cursuri\/wp-json\/wp\/v2\/pages\/351","targetHints":{"allow":["GET"]}}],"collection":[{"href":"https:\/\/mondoconsult.ro\/cursuri\/wp-json\/wp\/v2\/pages"}],"about":[{"href":"https:\/\/mondoconsult.ro\/cursuri\/wp-json\/wp\/v2\/types\/page"}],"author":[{"embeddable":true,"href":"https:\/\/mondoconsult.ro\/cursuri\/wp-json\/wp\/v2\/users\/2"}],"replies":[{"embeddable":true,"href":"https:\/\/mondoconsult.ro\/cursuri\/wp-json\/wp\/v2\/comments?post=351"}],"version-history":[{"count":0,"href":"https:\/\/mondoconsult.ro\/cursuri\/wp-json\/wp\/v2\/pages\/351\/revisions"}],"wp:attachment":[{"href":"https:\/\/mondoconsult.ro\/cursuri\/wp-json\/wp\/v2\/media?parent=351"}],"curies":[{"name":"wp","href":"https:\/\/api.w.org\/{rel}","templated":true}]}}