{"id":354,"date":"2019-11-28T14:10:43","date_gmt":"2019-11-28T14:10:43","guid":{"rendered":"https:\/\/mondoconsult.ro\/cursuri\/?page_id=354"},"modified":"2019-12-30T09:16:22","modified_gmt":"2019-12-30T09:16:22","slug":"cursuri-copii","status":"publish","type":"page","link":"https:\/\/mondoconsult.ro\/cursuri\/cursuri-copii\/","title":{"rendered":"CURSURI COPII"},"content":{"rendered":"\n<div class=\"wp-block-image is-style-default\"><figure class=\"aligncenter size-medium is-resized\"><img loading=\"lazy\" decoding=\"async\" src=\"https:\/\/mondoconsult.ro\/cursuri\/wp-content\/uploads\/2019\/11\/413fa743-40cd-4a4d-b87d-5e2bef768582-225x300.jpg\" alt=\"\" class=\"wp-image-359\" width=\"332\" height=\"443\" srcset=\"https:\/\/mondoconsult.ro\/cursuri\/wp-content\/uploads\/2019\/11\/413fa743-40cd-4a4d-b87d-5e2bef768582-225x300.jpg 225w, https:\/\/mondoconsult.ro\/cursuri\/wp-content\/uploads\/2019\/11\/413fa743-40cd-4a4d-b87d-5e2bef768582-768x1024.jpg 768w, https:\/\/mondoconsult.ro\/cursuri\/wp-content\/uploads\/2019\/11\/413fa743-40cd-4a4d-b87d-5e2bef768582-1152x1536.jpg 1152w, https:\/\/mondoconsult.ro\/cursuri\/wp-content\/uploads\/2019\/11\/413fa743-40cd-4a4d-b87d-5e2bef768582.jpg 1200w\" sizes=\"auto, (max-width: 332px) 100vw, 332px\" \/><figcaption> <br><strong> Computerul \u0219i robo\u021bii sunt viitorul! <br> \u2013 iar \u00een \u00eentreaga lume, inclusive Buz\u0103u vedem o cre\u0219tere a comunit\u0103\u021bii de robotic\u0103. <br> Mondo Consult organizeaza cursuri pentru copii, clase de mecanic\u0103 \u0219i robotic\u0103!  <br> Aceste cursuri ofer\u0103 at\u00e2t partea de programare c\u00e2t \u0219i partea de mecanic\u0103 necesar\u0103 realiz\u0103rii robo\u021bilor lego. De asemenea ofer\u0103 studen\u021bilor interesa\u021bi preg\u0103tirea pentru concursurile de robotic\u0103 lego.  <\/strong><\/figcaption><\/figure><\/div>\n\n\n\n<div class=\"wp-block-image\"><figure class=\"aligncenter size-large is-resized\"><img loading=\"lazy\" decoding=\"async\" src=\"https:\/\/mondoconsult.ro\/cursuri\/wp-content\/uploads\/2019\/11\/20190619_103114_resized-1024x768.jpg\" alt=\"\" class=\"wp-image-360\" width=\"317\" height=\"238\" srcset=\"https:\/\/mondoconsult.ro\/cursuri\/wp-content\/uploads\/2019\/11\/20190619_103114_resized-1024x768.jpg 1024w, https:\/\/mondoconsult.ro\/cursuri\/wp-content\/uploads\/2019\/11\/20190619_103114_resized-300x225.jpg 300w, https:\/\/mondoconsult.ro\/cursuri\/wp-content\/uploads\/2019\/11\/20190619_103114_resized-768x576.jpg 768w, https:\/\/mondoconsult.ro\/cursuri\/wp-content\/uploads\/2019\/11\/20190619_103114_resized.jpg 1032w\" sizes=\"auto, (max-width: 317px) 100vw, 317px\" \/><figcaption> <br> <br><br><strong> Cursul include <br> l&nbsp; Cum s\u0103 construie\u0219ti robo\u021bi<br> l&nbsp; Organizarea p\u0103r\u021bilor<br> l&nbsp; Cum s\u0103 g\u00e2nde\u0219ti cu originalitate<br> l&nbsp; Cum s\u0103 lucrezi \u00een echip\u0103<br> l&nbsp; Cum afecteaz\u0103 mecanica func\u021bionalitatea robo\u021bilor<br> l&nbsp; Cum s\u0103 programezi ac\u021biuni<br> l&nbsp; Cum s\u0103 \u00een\u021belegi func\u021bii programate<br> l&nbsp; Cum s\u0103 programezi membre ale robotului<br> l&nbsp; Cum s\u0103 programezi senzori<br> l&nbsp; Cum s\u0103 te preg\u0103te\u0219ti pentru concursuri <\/strong><\/figcaption><\/figure><\/div>\n\n\n\n<div class=\"wp-block-image\"><figure class=\"aligncenter size-large is-resized\"><img loading=\"lazy\" decoding=\"async\" src=\"https:\/\/mondoconsult.ro\/cursuri\/wp-content\/uploads\/2019\/11\/PHOTO-2018-09-10-09-28-38_4-1024x768.jpg\" alt=\"\" class=\"wp-image-362\" width=\"345\" height=\"259\" srcset=\"https:\/\/mondoconsult.ro\/cursuri\/wp-content\/uploads\/2019\/11\/PHOTO-2018-09-10-09-28-38_4-1024x768.jpg 1024w, https:\/\/mondoconsult.ro\/cursuri\/wp-content\/uploads\/2019\/11\/PHOTO-2018-09-10-09-28-38_4-300x225.jpg 300w, https:\/\/mondoconsult.ro\/cursuri\/wp-content\/uploads\/2019\/11\/PHOTO-2018-09-10-09-28-38_4-768x576.jpg 768w, https:\/\/mondoconsult.ro\/cursuri\/wp-content\/uploads\/2019\/11\/PHOTO-2018-09-10-09-28-38_4-1536x1152.jpg 1536w, https:\/\/mondoconsult.ro\/cursuri\/wp-content\/uploads\/2019\/11\/PHOTO-2018-09-10-09-28-38_4.jpg 1600w\" sizes=\"auto, (max-width: 345px) 100vw, 345px\" \/><\/figure><\/div>\n\n\n\n<blockquote class=\"wp-block-quote has-text-align-center is-layout-flow wp-block-quote-is-layout-flow\"><p>\u00cen timp ce copii \u00eenva\u021b\u0103 de la instructori cu experien\u021b\u0103 \u00een domeniul roboticii \u0219i program\u0103rii, ve\u021bi putea observa progrese \u00een \u00een\u021belegerea lor practic\u0103 a robo\u021bilor.<\/p><p>Pentru mai multe informa\u021bii ne pute\u021bi contacta la tel: 0761118568 si la adresa de email: mondoconsultbuzau@gmail.com<br><\/p><\/blockquote>\n\n\n\n<div class=\"wp-block-image\"><figure class=\"aligncenter size-large is-resized\"><img loading=\"lazy\" decoding=\"async\" src=\"https:\/\/mondoconsult.ro\/cursuri\/wp-content\/uploads\/2019\/11\/IMG_20190812_104735-1024x768.jpg\" alt=\"\" class=\"wp-image-377\" width=\"339\" height=\"254\" srcset=\"https:\/\/mondoconsult.ro\/cursuri\/wp-content\/uploads\/2019\/11\/IMG_20190812_104735-1024x768.jpg 1024w, https:\/\/mondoconsult.ro\/cursuri\/wp-content\/uploads\/2019\/11\/IMG_20190812_104735-300x225.jpg 300w, https:\/\/mondoconsult.ro\/cursuri\/wp-content\/uploads\/2019\/11\/IMG_20190812_104735-768x576.jpg 768w, https:\/\/mondoconsult.ro\/cursuri\/wp-content\/uploads\/2019\/11\/IMG_20190812_104735-1536x1152.jpg 1536w, https:\/\/mondoconsult.ro\/cursuri\/wp-content\/uploads\/2019\/11\/IMG_20190812_104735-2048x1536.jpg 2048w\" sizes=\"auto, (max-width: 339px) 100vw, 339px\" \/><figcaption><em><strong>Activitati ale copiilor in timpul cursurilor<\/strong><\/em><\/figcaption><\/figure><\/div>\n\n\n\n<div class=\"wp-block-image\"><figure class=\"aligncenter size-large is-resized\"><img loading=\"lazy\" decoding=\"async\" src=\"https:\/\/mondoconsult.ro\/cursuri\/wp-content\/uploads\/2019\/11\/IMG_20190812_104716-1024x768.jpg\" alt=\"\" class=\"wp-image-378\" width=\"337\" height=\"253\" srcset=\"https:\/\/mondoconsult.ro\/cursuri\/wp-content\/uploads\/2019\/11\/IMG_20190812_104716-1024x768.jpg 1024w, https:\/\/mondoconsult.ro\/cursuri\/wp-content\/uploads\/2019\/11\/IMG_20190812_104716-300x225.jpg 300w, https:\/\/mondoconsult.ro\/cursuri\/wp-content\/uploads\/2019\/11\/IMG_20190812_104716-768x576.jpg 768w, https:\/\/mondoconsult.ro\/cursuri\/wp-content\/uploads\/2019\/11\/IMG_20190812_104716-1536x1152.jpg 1536w, https:\/\/mondoconsult.ro\/cursuri\/wp-content\/uploads\/2019\/11\/IMG_20190812_104716-2048x1536.jpg 2048w\" sizes=\"auto, (max-width: 337px) 100vw, 337px\" \/><\/figure><\/div>\n\n\n\n<div class=\"wp-block-image\"><figure class=\"aligncenter size-large is-resized\"><img loading=\"lazy\" decoding=\"async\" src=\"https:\/\/mondoconsult.ro\/cursuri\/wp-content\/uploads\/2019\/11\/IMG_20190812_104629-1024x768.jpg\" alt=\"\" class=\"wp-image-379\" width=\"340\" height=\"255\" srcset=\"https:\/\/mondoconsult.ro\/cursuri\/wp-content\/uploads\/2019\/11\/IMG_20190812_104629-1024x768.jpg 1024w, https:\/\/mondoconsult.ro\/cursuri\/wp-content\/uploads\/2019\/11\/IMG_20190812_104629-300x225.jpg 300w, https:\/\/mondoconsult.ro\/cursuri\/wp-content\/uploads\/2019\/11\/IMG_20190812_104629-768x576.jpg 768w, https:\/\/mondoconsult.ro\/cursuri\/wp-content\/uploads\/2019\/11\/IMG_20190812_104629-1536x1152.jpg 1536w, https:\/\/mondoconsult.ro\/cursuri\/wp-content\/uploads\/2019\/11\/IMG_20190812_104629-2048x1536.jpg 2048w\" sizes=\"auto, (max-width: 340px) 100vw, 340px\" \/><figcaption><em><strong>Cursuri robotic\u0103<\/strong><\/em><\/figcaption><\/figure><\/div>\n\n\n\n<figure class=\"wp-block-embed-youtube wp-block-embed is-type-video is-provider-youtube wp-embed-aspect-4-3 wp-has-aspect-ratio\"><div class=\"wp-block-embed__wrapper\">\n<iframe loading=\"lazy\" title=\"LECTIE DEMONSTRATIVA A MICILOR INFORMATICIENI\" width=\"590\" height=\"443\" src=\"https:\/\/www.youtube.com\/embed\/vW_ILPK30ss?feature=oembed\" frameborder=\"0\" allow=\"accelerometer; autoplay; clipboard-write; encrypted-media; gyroscope; picture-in-picture; web-share\" referrerpolicy=\"strict-origin-when-cross-origin\" allowfullscreen><\/iframe>\n<\/div><figcaption>FINAL CURS JAVA COPII 2019<\/figcaption><\/figure>\n","protected":false},"excerpt":{"rendered":"<p>\u00cen timp ce copii \u00eenva\u021b\u0103 de la instructori cu experien\u021b\u0103 \u00een domeniul roboticii \u0219i program\u0103rii, ve\u021bi putea observa progrese \u00een \u00een\u021belegerea lor practic\u0103 a robo\u021bilor. Pentru mai multe informa\u021bii ne pute\u021bi contacta la tel: 0761118568 si la adresa de email: mondoconsultbuzau@gmail.com<\/p>\n","protected":false},"author":2,"featured_media":0,"parent":0,"menu_order":0,"comment_status":"closed","ping_status":"closed","template":"","meta":{"footnotes":""},"class_list":["post-354","page","type-page","status-publish","hentry"],"_links":{"self":[{"href":"https:\/\/mondoconsult.ro\/cursuri\/wp-json\/wp\/v2\/pages\/354","targetHints":{"allow":["GET"]}}],"collection":[{"href":"https:\/\/mondoconsult.ro\/cursuri\/wp-json\/wp\/v2\/pages"}],"about":[{"href":"https:\/\/mondoconsult.ro\/cursuri\/wp-json\/wp\/v2\/types\/page"}],"author":[{"embeddable":true,"href":"https:\/\/mondoconsult.ro\/cursuri\/wp-json\/wp\/v2\/users\/2"}],"replies":[{"embeddable":true,"href":"https:\/\/mondoconsult.ro\/cursuri\/wp-json\/wp\/v2\/comments?post=354"}],"version-history":[{"count":0,"href":"https:\/\/mondoconsult.ro\/cursuri\/wp-json\/wp\/v2\/pages\/354\/revisions"}],"wp:attachment":[{"href":"https:\/\/mondoconsult.ro\/cursuri\/wp-json\/wp\/v2\/media?parent=354"}],"curies":[{"name":"wp","href":"https:\/\/api.w.org\/{rel}","templated":true}]}}