{"id":494,"date":"2020-03-11T10:44:44","date_gmt":"2020-03-11T10:44:44","guid":{"rendered":"https:\/\/mondoconsult.ro\/cursuri\/?page_id=494"},"modified":"2020-03-11T10:44:44","modified_gmt":"2020-03-11T10:44:44","slug":"cursuri-pentru-profesori","status":"publish","type":"page","link":"https:\/\/mondoconsult.ro\/cursuri\/cursuri-pentru-profesori\/","title":{"rendered":"Cursuri pentru profesori"},"content":{"rendered":"\n<ul class=\"wp-block-list\"><li>Competente digitale<\/li><li>Tehnici public speaking<\/li><li>Curs egalitate de \u0219anse \u0219i de gen<\/li><li>Educa\u021bie pentru s\u0103n\u0103tate<\/li><li>Psihologia \u00eenv\u0103\u021b\u0103rii<\/li><li>Mentorat-strategii \u0219i inovare <\/li><\/ul>\n","protected":false},"excerpt":{"rendered":"<p>Competente digitale Tehnici public speaking Curs egalitate de \u0219anse \u0219i de gen Educa\u021bie pentru s\u0103n\u0103tate Psihologia \u00eenv\u0103\u021b\u0103rii Mentorat-strategii \u0219i inovare<\/p>\n","protected":false},"author":2,"featured_media":0,"parent":0,"menu_order":0,"comment_status":"closed","ping_status":"closed","template":"","meta":{"footnotes":""},"class_list":["post-494","page","type-page","status-publish","hentry"],"_links":{"self":[{"href":"https:\/\/mondoconsult.ro\/cursuri\/wp-json\/wp\/v2\/pages\/494","targetHints":{"allow":["GET"]}}],"collection":[{"href":"https:\/\/mondoconsult.ro\/cursuri\/wp-json\/wp\/v2\/pages"}],"about":[{"href":"https:\/\/mondoconsult.ro\/cursuri\/wp-json\/wp\/v2\/types\/page"}],"author":[{"embeddable":true,"href":"https:\/\/mondoconsult.ro\/cursuri\/wp-json\/wp\/v2\/users\/2"}],"replies":[{"embeddable":true,"href":"https:\/\/mondoconsult.ro\/cursuri\/wp-json\/wp\/v2\/comments?post=494"}],"version-history":[{"count":0,"href":"https:\/\/mondoconsult.ro\/cursuri\/wp-json\/wp\/v2\/pages\/494\/revisions"}],"wp:attachment":[{"href":"https:\/\/mondoconsult.ro\/cursuri\/wp-json\/wp\/v2\/media?parent=494"}],"curies":[{"name":"wp","href":"https:\/\/api.w.org\/{rel}","templated":true}]}}