{"id":593,"date":"2020-12-03T11:24:03","date_gmt":"2020-12-03T11:24:03","guid":{"rendered":"https:\/\/mondoconsult.ro\/cursuri\/?page_id=593"},"modified":"2023-02-15T09:54:55","modified_gmt":"2023-02-15T09:54:55","slug":"pocu-130343","status":"publish","type":"page","link":"https:\/\/mondoconsult.ro\/cursuri\/pocu-130343\/","title":{"rendered":"POCU 130343"},"content":{"rendered":"\n<figure class=\"wp-block-image size-large\"><a href=\"https:\/\/mondoconsult.ro\/cursuri\/wp-content\/uploads\/2021\/02\/imagine-home-site-Meseria-bratara-de-aur-1.png\"><img loading=\"lazy\" decoding=\"async\" width=\"1024\" height=\"441\" src=\"https:\/\/mondoconsult.ro\/cursuri\/wp-content\/uploads\/2021\/02\/imagine-home-site-Meseria-bratara-de-aur-1-1024x441.png\" alt=\"\" class=\"wp-image-659\" srcset=\"https:\/\/mondoconsult.ro\/cursuri\/wp-content\/uploads\/2021\/02\/imagine-home-site-Meseria-bratara-de-aur-1-1024x441.png 1024w, https:\/\/mondoconsult.ro\/cursuri\/wp-content\/uploads\/2021\/02\/imagine-home-site-Meseria-bratara-de-aur-1-300x129.png 300w, https:\/\/mondoconsult.ro\/cursuri\/wp-content\/uploads\/2021\/02\/imagine-home-site-Meseria-bratara-de-aur-1-768x331.png 768w, https:\/\/mondoconsult.ro\/cursuri\/wp-content\/uploads\/2021\/02\/imagine-home-site-Meseria-bratara-de-aur-1-1536x661.png 1536w, https:\/\/mondoconsult.ro\/cursuri\/wp-content\/uploads\/2021\/02\/imagine-home-site-Meseria-bratara-de-aur-1.png 1600w\" sizes=\"auto, (max-width: 1024px) 100vw, 1024px\" \/><\/a><\/figure>\n\n\n\n<p>S.C. MONDO CONSULT S.R.L. \u00een parteneriat cu ASOCIA\u021aIA PRO EUROCULT anun\u021b\u0103 demararea proiectului, \u201eMeseria bra\u021bar\u0103 de aur\u201d care se desfa\u0219oar\u0103 pe o perioada de 24 luni, \u00eencepand cu luna octombrie 2020.<\/p>\n\n\n\n<p><strong>Obiectivul general al proiectului:<br><\/strong>Cre\u0219terea particip\u0103rii la programe de \u00eenv\u0103\u021bare la locul de munc\u0103 a 182 de elevi si\/sau ucenici din \u00eenv\u0103\u021b\u0103m\u00e2ntul secundar \u0219i ter\u021biar nonuniversitar, provenind din colegii\/licee din jude\u021bul \u0219i Municipiul Buz\u0103u, cu accent pe sectoarele economice cu poten\u021bial competitive identificate conform SNC \u0219i din domeniile de specializare inteligent\u0103 conform SNCDI.<\/p>\n\n\n\n<p><strong>Rezultate a\u0219teptate:<\/strong><\/p>\n\n\n\n<ol class=\"wp-block-list\">\n<li>Cre\u0219terea cu 182 a particip\u0103rii elevilor din \u00eenva\u021b\u0103m\u00e2ntul secundar \u0219i ter\u021biar non-universitar (ISCED 2 \u2013 4 nivel de calificare 3 \u2013 5) la programe de \u00eenv\u0103\u021bare la locul de munc\u0103, cu accent pe sectoarele economice cu poten\u021bial competitiv identificate conform SNC \u0219i din domeniile de specializare inteligent\u0103 conform SNCDI<\/li>\n\n\n\n<li>Persoane (elevi) care beneficiaz\u0103 de sprijin pentru participarea la programe de educa\u021bie\/FP=182 ;<br>( indicatorul de realizare 4S131)<\/li>\n\n\n\n<li>Persoane (elevi) certificate la \u00eencetarea calit\u0103\u021bii de participant = 137 (4S120, indicator de rezultat)<\/li>\n\n\n\n<li>Persoane (elevi) care \u00eesi g\u0103sesc un loc de munc\u0103 la \u00eencetarea calit\u0103\u021bii de participant = 38 (4S121, indicator de rezultat)<\/li>\n\n\n\n<li>Persoane care urmeaz\u0103 studii\/cursuri de formare la \u00eencetarea calit\u0103\u021bii de participant = 19 elevi (4S122, indicator de rezultat)<br>Valoarea total\u0103 a proiectului: 2.254.594,62 lei, din care cofinan\u021barea U.E.: 1.856.115,43 lei.<br>Durata proiectului: 24 luni (17.10.2020-16.10.2022)<\/li>\n<\/ol>\n\n\n\n<div class=\"wp-block-file\"><a id=\"wp-block-file--media-c755acdb-f6fe-4ea8-80b3-7ad97c1c64a3\" href=\"https:\/\/mondoconsult.ro\/cursuri\/wp-content\/uploads\/2021\/04\/Achizitie-echipamente-IT-\u2013-CAIET-DE-SARCINI-2.pdf\">Achizitie-echipamente-IT-\u2013-CAIET-DE-SARCINI<\/a><a href=\"https:\/\/mondoconsult.ro\/cursuri\/wp-content\/uploads\/2021\/04\/Achizitie-echipamente-IT-\u2013-CAIET-DE-SARCINI-2.pdf\" class=\"wp-block-file__button wp-element-button\" download aria-describedby=\"wp-block-file--media-c755acdb-f6fe-4ea8-80b3-7ad97c1c64a3\">Descarc\u0103<\/a><\/div>\n\n\n\n<div class=\"wp-block-file\"><a id=\"wp-block-file--media-31b78564-24f3-4c18-ad4d-fe8ca54429c7\" href=\"https:\/\/mondoconsult.ro\/cursuri\/wp-content\/uploads\/2021\/04\/Achizitie-echipamente-IT-\u2013-Invitatie-2.pdf\">Achizitie-echipamente-IT-\u2013-Invitatie<\/a><a href=\"https:\/\/mondoconsult.ro\/cursuri\/wp-content\/uploads\/2021\/04\/Achizitie-echipamente-IT-\u2013-Invitatie-2.pdf\" class=\"wp-block-file__button wp-element-button\" download aria-describedby=\"wp-block-file--media-31b78564-24f3-4c18-ad4d-fe8ca54429c7\">Descarc\u0103<\/a><\/div>\n\n\n\n<div class=\"wp-block-file\"><a id=\"wp-block-file--media-573cf63c-186c-4efd-83cb-b77697667b5f\" href=\"https:\/\/mondoconsult.ro\/cursuri\/wp-content\/uploads\/2021\/04\/Achizitie-materiale-consumabile-\u2013-INVITATIE.pdf\">Achizitie-materiale-consumabile-\u2013-INVITATIE<\/a><a href=\"https:\/\/mondoconsult.ro\/cursuri\/wp-content\/uploads\/2021\/04\/Achizitie-materiale-consumabile-\u2013-INVITATIE.pdf\" class=\"wp-block-file__button wp-element-button\" download aria-describedby=\"wp-block-file--media-573cf63c-186c-4efd-83cb-b77697667b5f\">Descarc\u0103<\/a><\/div>\n\n\n\n<p><a href=\"https:\/\/www.campusbuzau.ro\/un-nou-proiect-pentru-tineri-si-adolescenti-sunt-pregatiti-pentru-piata-muncii\/?fbclid=IwAR0rkg0eA3xQfWRKCyqjxWEJuwlb6IjLHwhI9N4XDWaDfHsCoIylCUyv6Fg\">Anun\u021b lansare proiect<\/a><br><br><\/p>\n\n\n\n<figure class=\"wp-block-image size-large\"><a href=\"https:\/\/mondoconsult.ro\/cursuri\/wp-content\/uploads\/2020\/12\/Anunt-130343.jpg\"><img loading=\"lazy\" decoding=\"async\" width=\"1004\" height=\"912\" src=\"https:\/\/mondoconsult.ro\/cursuri\/wp-content\/uploads\/2020\/12\/Anunt-130343.jpg\" alt=\"\" class=\"wp-image-612\" srcset=\"https:\/\/mondoconsult.ro\/cursuri\/wp-content\/uploads\/2020\/12\/Anunt-130343.jpg 1004w, https:\/\/mondoconsult.ro\/cursuri\/wp-content\/uploads\/2020\/12\/Anunt-130343-300x273.jpg 300w, https:\/\/mondoconsult.ro\/cursuri\/wp-content\/uploads\/2020\/12\/Anunt-130343-768x698.jpg 768w\" sizes=\"auto, (max-width: 1004px) 100vw, 1004px\" \/><\/a><\/figure>\n\n\n\n<div class=\"wp-block-file\"><a id=\"wp-block-file--media-d62ec9d9-ea57-45e6-979e-46d0a140b789\" href=\"https:\/\/mondoconsult.ro\/cursuri\/wp-content\/uploads\/2021\/01\/INVITATIE-SITE-1.pdf\">Achizitie echipamente IT &#8211; INVITATIE (Ianuarie 2021)<\/a><a href=\"https:\/\/mondoconsult.ro\/cursuri\/wp-content\/uploads\/2021\/01\/INVITATIE-SITE-1.pdf\" class=\"wp-block-file__button wp-element-button\" download aria-describedby=\"wp-block-file--media-d62ec9d9-ea57-45e6-979e-46d0a140b789\">Descarc\u0103<\/a><\/div>\n\n\n\n<div class=\"wp-block-file\"><a id=\"wp-block-file--media-3559e5da-cde8-44bd-b6e0-c08e4eb1bd25\" href=\"https:\/\/mondoconsult.ro\/cursuri\/wp-content\/uploads\/2021\/02\/04.-Invitatie-de-participare-2.pdf\">Achizi\u021bie servicii de tip\u0103rire \u0219i livrare &#8211; Invita\u021bie de participare<\/a><a href=\"https:\/\/mondoconsult.ro\/cursuri\/wp-content\/uploads\/2021\/02\/04.-Invitatie-de-participare-2.pdf\" class=\"wp-block-file__button wp-element-button\" download aria-describedby=\"wp-block-file--media-3559e5da-cde8-44bd-b6e0-c08e4eb1bd25\">Descarc\u0103<\/a><\/div>\n\n\n\n<p>E\u0219ti in cautarea unui angajat?Mondo Consult te ajuta sa recrutezi resurse umane calificate pentru postul vacant la doar un click distanta!<\/p>\n\n\n\n<p><strong><span class=\"has-inline-color has-vivid-red-color\">Intra gratuit, timp de doi ani pe platforma : <\/span><\/strong><a rel=\"noreferrer noopener\" href=\"https:\/\/locurimunca.mondoconsult.ro\/?fbclid=IwAR2uCN855YTd0emhNAEMLqJNGT5tAAWbsjXhbxCWbO1tGcgmzBeyE5ZnQj0\" target=\"_blank\">https:\/\/locurimunca.mondoconsult.ro\/<\/a> , logheaza-te si posteaza anuntul!Si nu uita sa apelezi la Mondo Consult-specialistul tau in recrutare.<\/p>\n\n\n\n<div class=\"wp-block-file\"><a id=\"wp-block-file--media-6f7e9094-4b86-4a39-8953-f0647353bc3f\" href=\"https:\/\/mondoconsult.ro\/cursuri\/wp-content\/uploads\/2021\/04\/Erata1v2.pdf\">Achizi\u021bie &#8222;Servicii de tip\u0103rire \u0219i livrare reviste&#8221; &#8211; Erat\u0103<\/a><a href=\"https:\/\/mondoconsult.ro\/cursuri\/wp-content\/uploads\/2021\/04\/Erata1v2.pdf\" class=\"wp-block-file__button wp-element-button\" download aria-describedby=\"wp-block-file--media-6f7e9094-4b86-4a39-8953-f0647353bc3f\">Descarc\u0103<\/a><\/div>\n\n\n\n<div class=\"wp-block-file\"><a id=\"wp-block-file--media-f82c7ccd-60cd-494d-bc64-da42f86cec11\" href=\"https:\/\/mondoconsult.ro\/cursuri\/wp-content\/uploads\/2021\/04\/ERATA-2.pdf\">Achizi\u021bie &#8222;Servicii tipografice digitale &#8211; Chit elevi&#8221; &#8211; Erat\u0103<\/a><a href=\"https:\/\/mondoconsult.ro\/cursuri\/wp-content\/uploads\/2021\/04\/ERATA-2.pdf\" class=\"wp-block-file__button wp-element-button\" download aria-describedby=\"wp-block-file--media-f82c7ccd-60cd-494d-bc64-da42f86cec11\">Descarc\u0103<\/a><\/div>\n\n\n\n<div class=\"wp-block-file\"><a id=\"wp-block-file--media-5b8d8b8b-a975-4ab8-bfab-0bc8f29b3efc\" href=\"https:\/\/mondoconsult.ro\/cursuri\/wp-content\/uploads\/2021\/04\/s.pdf\">Achizi\u021bie &#8222;Servicii tipografice digitale &#8211; Chit elevi&#8221; &#8211; Erat\u0103 II<\/a><a href=\"https:\/\/mondoconsult.ro\/cursuri\/wp-content\/uploads\/2021\/04\/s.pdf\" class=\"wp-block-file__button wp-element-button\" download aria-describedby=\"wp-block-file--media-5b8d8b8b-a975-4ab8-bfab-0bc8f29b3efc\">Descarc\u0103<\/a><\/div>\n\n\n\n<div class=\"wp-block-file\"><a id=\"wp-block-file--media-6fb07e36-0269-4a45-952e-6d5c1639f0a0\" href=\"https:\/\/mondoconsult.ro\/cursuri\/wp-content\/uploads\/2021\/05\/CAIET-DE-SARCINI-SITE-2.pdf\">Achizitie echipamente IT &#8211; Caiet de sarcini<\/a><a href=\"https:\/\/mondoconsult.ro\/cursuri\/wp-content\/uploads\/2021\/05\/CAIET-DE-SARCINI-SITE-2.pdf\" class=\"wp-block-file__button wp-element-button\" download aria-describedby=\"wp-block-file--media-6fb07e36-0269-4a45-952e-6d5c1639f0a0\">Descarc\u0103<\/a><\/div>\n\n\n\n<div class=\"wp-block-file\"><a id=\"wp-block-file--media-ee1942b7-63ed-4013-b455-e2a8f6189907\" href=\"https:\/\/mondoconsult.ro\/cursuri\/wp-content\/uploads\/2021\/05\/INVITATIE-DE-PARTICIPARE-SITE-2.pdf\">Achizitie echipamente IT &#8211; Invitatie de particicipare<\/a><a href=\"https:\/\/mondoconsult.ro\/cursuri\/wp-content\/uploads\/2021\/05\/INVITATIE-DE-PARTICIPARE-SITE-2.pdf\" class=\"wp-block-file__button wp-element-button\" download aria-describedby=\"wp-block-file--media-ee1942b7-63ed-4013-b455-e2a8f6189907\">Descarc\u0103<\/a><\/div>\n\n\n\n<figure class=\"wp-block-embed is-type-wp-embed is-provider-campus-tv-\u0219tiri-video-\u0219i-nouta\u021bi-din-buzau wp-block-embed-campus-tv-\u0219tiri-video-\u0219i-nouta\u021bi-din-buzau\"><div class=\"wp-block-embed__wrapper\">\n<blockquote class=\"wp-embedded-content\" data-secret=\"4KPX2w2cSS\"><a href=\"https:\/\/www.campusbuzau.ro\/mondoconsult-meseria-bratara-de-aur-la-final-peste-200-de-elevi-beneficiari-ai-proiectului\/\">\u201dMeseria, br\u0103\u021bar\u0103 de aur\u201d, la final. Peste 200 de elevi, beneficiari ai proiectului<\/a><\/blockquote><iframe loading=\"lazy\" class=\"wp-embedded-content\" sandbox=\"allow-scripts\" security=\"restricted\" style=\"position: absolute; clip: rect(1px, 1px, 1px, 1px);\" title=\"&#8222;\u201dMeseria, br\u0103\u021bar\u0103 de aur\u201d, la final. Peste 200 de elevi, beneficiari ai proiectului&#8221; &#8212; Campus TV  - \u0218tiri video \u0219i nout\u0103\u021bi din Buz\u0103u\" src=\"https:\/\/www.campusbuzau.ro\/mondoconsult-meseria-bratara-de-aur-la-final-peste-200-de-elevi-beneficiari-ai-proiectului\/embed\/#?secret=nicsXO0xXA#?secret=4KPX2w2cSS\" data-secret=\"4KPX2w2cSS\" width=\"590\" height=\"332\" frameborder=\"0\" marginwidth=\"0\" marginheight=\"0\" scrolling=\"no\"><\/iframe>\n<\/div><\/figure>\n","protected":false},"excerpt":{"rendered":"<p>S.C. MONDO CONSULT S.R.L. \u00een parteneriat cu ASOCIA\u021aIA PRO EUROCULT anun\u021b\u0103 demararea proiectului, \u201eMeseria bra\u021bar\u0103 de aur\u201d care se desfa\u0219oar\u0103 pe o perioada de 24 luni, \u00eencepand cu luna octombrie 2020. Obiectivul general al proiectului:Cre\u0219terea particip\u0103rii la programe de \u00eenv\u0103\u021bare la locul de munc\u0103 a 182 de elevi si\/sau ucenici din \u00eenv\u0103\u021b\u0103m\u00e2ntul secundar \u0219i ter\u021biar [&hellip;]<\/p>\n","protected":false},"author":2,"featured_media":654,"parent":0,"menu_order":0,"comment_status":"open","ping_status":"closed","template":"","meta":{"footnotes":""},"class_list":["post-593","page","type-page","status-publish","has-post-thumbnail","hentry"],"_links":{"self":[{"href":"https:\/\/mondoconsult.ro\/cursuri\/wp-json\/wp\/v2\/pages\/593","targetHints":{"allow":["GET"]}}],"collection":[{"href":"https:\/\/mondoconsult.ro\/cursuri\/wp-json\/wp\/v2\/pages"}],"about":[{"href":"https:\/\/mondoconsult.ro\/cursuri\/wp-json\/wp\/v2\/types\/page"}],"author":[{"embeddable":true,"href":"https:\/\/mondoconsult.ro\/cursuri\/wp-json\/wp\/v2\/users\/2"}],"replies":[{"embeddable":true,"href":"https:\/\/mondoconsult.ro\/cursuri\/wp-json\/wp\/v2\/comments?post=593"}],"version-history":[{"count":1,"href":"https:\/\/mondoconsult.ro\/cursuri\/wp-json\/wp\/v2\/pages\/593\/revisions"}],"predecessor-version":[{"id":1893,"href":"https:\/\/mondoconsult.ro\/cursuri\/wp-json\/wp\/v2\/pages\/593\/revisions\/1893"}],"wp:featuredmedia":[{"embeddable":true,"href":"https:\/\/mondoconsult.ro\/cursuri\/wp-json\/wp\/v2\/media\/654"}],"wp:attachment":[{"href":"https:\/\/mondoconsult.ro\/cursuri\/wp-json\/wp\/v2\/media?parent=593"}],"curies":[{"name":"wp","href":"https:\/\/api.w.org\/{rel}","templated":true}]}}